{"id":2669,"date":"2025-02-04T16:36:18","date_gmt":"2025-02-04T09:36:18","guid":{"rendered":"https:\/\/soulandskills.vn\/?page_id=2669"},"modified":"2025-02-04T16:38:26","modified_gmt":"2025-02-04T09:38:26","slug":"thank-you","status":"publish","type":"page","link":"https:\/\/soulandskills.vn\/en\/thank-you\/","title":{"rendered":"Thank you"},"content":{"rendered":"<div data-elementor-type=\"wp-page\" data-elementor-id=\"2669\" class=\"elementor elementor-2669\">\n\t\t\t\t\t\t\t\t\t<section class=\"elementor-section elementor-top-section elementor-element elementor-element-0a22f7e elementor-section-boxed elementor-section-height-default elementor-section-height-default\" data-id=\"0a22f7e\" data-element_type=\"section\">\n\t\t\t\t\t\t<div class=\"elementor-container elementor-column-gap-default\">\n\t\t\t\t\t<div class=\"elementor-column elementor-col-100 elementor-top-column elementor-element elementor-element-6163cca\" data-id=\"6163cca\" data-element_type=\"column\">\n\t\t\t<div class=\"elementor-widget-wrap elementor-element-populated\">\n\t\t\t\t\t\t\t\t<div class=\"elementor-element elementor-element-e9d7d1b elementor-view-default elementor-widget elementor-widget-icon\" data-id=\"e9d7d1b\" data-element_type=\"widget\" data-widget_type=\"icon.default\">\n\t\t\t\t<div class=\"elementor-widget-container\">\n\t\t\t\t\t<div class=\"elementor-icon-wrapper\">\n\t\t\t<div class=\"elementor-icon\">\n\t\t\t<i aria-hidden=\"true\" class=\"far fa-check-circle\"><\/i>\t\t\t<\/div>\n\t\t<\/div>\n\t\t\t\t<\/div>\n\t\t\t\t<\/div>\n\t\t\t\t<div class=\"elementor-element elementor-element-77b9003 elementor-widget elementor-widget-heading\" data-id=\"77b9003\" data-element_type=\"widget\" data-widget_type=\"heading.default\">\n\t\t\t\t<div class=\"elementor-widget-container\">\n\t\t\t<style>\/*! elementor - v3.9.1 - 14-12-2022 *\/\n.elementor-heading-title{padding:0;margin:0;line-height:1}.elementor-widget-heading .elementor-heading-title[class*=elementor-size-]>a{color:inherit;font-size:inherit;line-height:inherit}.elementor-widget-heading .elementor-heading-title.elementor-size-small{font-size:15px}.elementor-widget-heading .elementor-heading-title.elementor-size-medium{font-size:19px}.elementor-widget-heading .elementor-heading-title.elementor-size-large{font-size:29px}.elementor-widget-heading .elementor-heading-title.elementor-size-xl{font-size:39px}.elementor-widget-heading .elementor-heading-title.elementor-size-xxl{font-size:59px}<\/style><h2 class=\"elementor-heading-title elementor-size-default\">C\u1ea3m \u01a1n b\u1ea1n \u0111\u00e3 g\u1eedi th\u00f4ng tin cho ch\u00fang t\u00f4i!<\/h2>\t\t<\/div>\n\t\t\t\t<\/div>\n\t\t\t\t<div class=\"elementor-element elementor-element-ef63a05 elementor-widget elementor-widget-heading\" data-id=\"ef63a05\" data-element_type=\"widget\" data-widget_type=\"heading.default\">\n\t\t\t\t<div class=\"elementor-widget-container\">\n\t\t\t<h4 class=\"elementor-heading-title elementor-size-default\">Ch\u00fang t\u00f4i s\u1ebd li\u00ean h\u1ec7 l\u1ea1i cho b\u1ea1n trong th\u1eddi gian s\u1edbm nh\u1ea5t<\/h4>\t\t<\/div>\n\t\t\t\t<\/div>\n\t\t\t\t\t<\/div>\n\t\t<\/div>\n\t\t\t\t\t\t\t<\/div>\n\t\t<\/section>\n\t\t\t\t\t\t\t<\/div>","protected":false},"excerpt":{"rendered":"<p>C\u1ea3m \u01a1n b\u1ea1n \u0111\u00e3 g\u1eedi th\u00f4ng tin cho ch\u00fang t\u00f4i! Ch\u00fang t\u00f4i s\u1ebd li\u00ean h\u1ec7 l\u1ea1i cho b\u1ea1n trong th\u1eddi gian s\u1edbm nh\u1ea5t<\/p>","protected":false},"author":484,"featured_media":0,"parent":0,"menu_order":0,"comment_status":"closed","ping_status":"closed","template":"","meta":{"site-sidebar-layout":"no-sidebar","site-content-layout":"page-builder","ast-global-header-display":"","ast-main-header-display":"","ast-hfb-above-header-display":"","ast-hfb-below-header-display":"","ast-hfb-mobile-header-display":"","site-post-title":"disabled","ast-breadcrumbs-content":"","ast-featured-img":"disabled","footer-sml-layout":"","theme-transparent-header-meta":"","adv-header-id-meta":"","stick-header-meta":"","header-above-stick-meta":"","header-main-stick-meta":"","header-below-stick-meta":"","footnotes":""},"class_list":["post-2669","page","type-page","status-publish","hentry"],"yoast_head":"<!-- This site is optimized with the Yoast SEO plugin v19.11 - https:\/\/yoast.com\/wordpress\/plugins\/seo\/ -->\n<title>Thank you - Soul and Skills<\/title>\n<meta name=\"robots\" content=\"index, follow, max-snippet:-1, max-image-preview:large, max-video-preview:-1\" \/>\n<link rel=\"canonical\" href=\"https:\/\/soulandskills.vn\/en\/thank-you\/\" \/>\n<meta property=\"og:locale\" content=\"en_US\" \/>\n<meta property=\"og:type\" content=\"article\" \/>\n<meta property=\"og:title\" content=\"Thank you - Soul and Skills\" \/>\n<meta property=\"og:description\" content=\"C\u1ea3m \u01a1n b\u1ea1n \u0111\u00e3 g\u1eedi th\u00f4ng tin cho ch\u00fang t\u00f4i! Ch\u00fang t\u00f4i s\u1ebd li\u00ean h\u1ec7 l\u1ea1i cho b\u1ea1n trong th\u1eddi gian s\u1edbm nh\u1ea5t\" \/>\n<meta property=\"og:url\" content=\"https:\/\/soulandskills.vn\/en\/thank-you\/\" \/>\n<meta property=\"og:site_name\" content=\"Soul and Skills\" \/>\n<meta property=\"article:modified_time\" content=\"2025-02-04T09:38:26+00:00\" \/>\n<meta name=\"twitter:card\" content=\"summary_large_image\" \/>\n<meta name=\"twitter:label1\" content=\"Est. reading time\" \/>\n\t<meta name=\"twitter:data1\" content=\"1 minute\" \/>\n<script type=\"application\/ld+json\" class=\"yoast-schema-graph\">{\"@context\":\"https:\/\/schema.org\",\"@graph\":[{\"@type\":\"WebPage\",\"@id\":\"https:\/\/soulandskills.vn\/thank-you\/\",\"url\":\"https:\/\/soulandskills.vn\/thank-you\/\",\"name\":\"Thank you - Soul and Skills\",\"isPartOf\":{\"@id\":\"https:\/\/soulandskills.vn\/#website\"},\"datePublished\":\"2025-02-04T09:36:18+00:00\",\"dateModified\":\"2025-02-04T09:38:26+00:00\",\"breadcrumb\":{\"@id\":\"https:\/\/soulandskills.vn\/thank-you\/#breadcrumb\"},\"inLanguage\":\"en-US\",\"potentialAction\":[{\"@type\":\"ReadAction\",\"target\":[\"https:\/\/soulandskills.vn\/thank-you\/\"]}]},{\"@type\":\"BreadcrumbList\",\"@id\":\"https:\/\/soulandskills.vn\/thank-you\/#breadcrumb\",\"itemListElement\":[{\"@type\":\"ListItem\",\"position\":1,\"name\":\"Home\",\"item\":\"https:\/\/soulandskills.vn\/\"},{\"@type\":\"ListItem\",\"position\":2,\"name\":\"Thank you\"}]},{\"@type\":\"WebSite\",\"@id\":\"https:\/\/soulandskills.vn\/#website\",\"url\":\"https:\/\/soulandskills.vn\/\",\"name\":\"Soul and Skills\",\"description\":\"\",\"potentialAction\":[{\"@type\":\"SearchAction\",\"target\":{\"@type\":\"EntryPoint\",\"urlTemplate\":\"https:\/\/soulandskills.vn\/?s={search_term_string}\"},\"query-input\":\"required name=search_term_string\"}],\"inLanguage\":\"en-US\"}]}<\/script>\n<!-- \/ Yoast SEO plugin. -->","yoast_head_json":{"title":"Thank you - Soul and Skills","robots":{"index":"index","follow":"follow","max-snippet":"max-snippet:-1","max-image-preview":"max-image-preview:large","max-video-preview":"max-video-preview:-1"},"canonical":"https:\/\/soulandskills.vn\/en\/thank-you\/","og_locale":"en_US","og_type":"article","og_title":"Thank you - Soul and Skills","og_description":"C\u1ea3m \u01a1n b\u1ea1n \u0111\u00e3 g\u1eedi th\u00f4ng tin cho ch\u00fang t\u00f4i! Ch\u00fang t\u00f4i s\u1ebd li\u00ean h\u1ec7 l\u1ea1i cho b\u1ea1n trong th\u1eddi gian s\u1edbm nh\u1ea5t","og_url":"https:\/\/soulandskills.vn\/en\/thank-you\/","og_site_name":"Soul and Skills","article_modified_time":"2025-02-04T09:38:26+00:00","twitter_card":"summary_large_image","twitter_misc":{"Est. reading time":"1 minute"},"schema":{"@context":"https:\/\/schema.org","@graph":[{"@type":"WebPage","@id":"https:\/\/soulandskills.vn\/thank-you\/","url":"https:\/\/soulandskills.vn\/thank-you\/","name":"Thank you - Soul and Skills","isPartOf":{"@id":"https:\/\/soulandskills.vn\/#website"},"datePublished":"2025-02-04T09:36:18+00:00","dateModified":"2025-02-04T09:38:26+00:00","breadcrumb":{"@id":"https:\/\/soulandskills.vn\/thank-you\/#breadcrumb"},"inLanguage":"en-US","potentialAction":[{"@type":"ReadAction","target":["https:\/\/soulandskills.vn\/thank-you\/"]}]},{"@type":"BreadcrumbList","@id":"https:\/\/soulandskills.vn\/thank-you\/#breadcrumb","itemListElement":[{"@type":"ListItem","position":1,"name":"Home","item":"https:\/\/soulandskills.vn\/"},{"@type":"ListItem","position":2,"name":"Thank you"}]},{"@type":"WebSite","@id":"https:\/\/soulandskills.vn\/#website","url":"https:\/\/soulandskills.vn\/","name":"Soul and Skills","description":"","potentialAction":[{"@type":"SearchAction","target":{"@type":"EntryPoint","urlTemplate":"https:\/\/soulandskills.vn\/?s={search_term_string}"},"query-input":"required name=search_term_string"}],"inLanguage":"en-US"}]}},"_links":{"self":[{"href":"https:\/\/soulandskills.vn\/en\/wp-json\/wp\/v2\/pages\/2669","targetHints":{"allow":["GET"]}}],"collection":[{"href":"https:\/\/soulandskills.vn\/en\/wp-json\/wp\/v2\/pages"}],"about":[{"href":"https:\/\/soulandskills.vn\/en\/wp-json\/wp\/v2\/types\/page"}],"author":[{"embeddable":true,"href":"https:\/\/soulandskills.vn\/en\/wp-json\/wp\/v2\/users\/484"}],"replies":[{"embeddable":true,"href":"https:\/\/soulandskills.vn\/en\/wp-json\/wp\/v2\/comments?post=2669"}],"version-history":[{"count":4,"href":"https:\/\/soulandskills.vn\/en\/wp-json\/wp\/v2\/pages\/2669\/revisions"}],"predecessor-version":[{"id":2673,"href":"https:\/\/soulandskills.vn\/en\/wp-json\/wp\/v2\/pages\/2669\/revisions\/2673"}],"wp:attachment":[{"href":"https:\/\/soulandskills.vn\/en\/wp-json\/wp\/v2\/media?parent=2669"}],"curies":[{"name":"wp","href":"https:\/\/api.w.org\/{rel}","templated":true}]}}