{"id":3482,"date":"2025-05-21T20:42:48","date_gmt":"2025-05-21T13:42:48","guid":{"rendered":"https:\/\/soulandskills.vn\/?page_id=3482"},"modified":"2026-01-20T13:59:13","modified_gmt":"2026-01-20T06:59:13","slug":"danh-sach-nhan-vien","status":"publish","type":"page","link":"https:\/\/soulandskills.vn\/en\/danh-sach-nhan-vien\/","title":{"rendered":"Danh s\u00e1ch nh\u00e2n vi\u00ean"},"content":{"rendered":"<div data-elementor-type=\"wp-page\" data-elementor-id=\"3482\" class=\"elementor elementor-3482\">\n\t\t\t\t\t\t\t\t\t<section class=\"elementor-section elementor-top-section elementor-element elementor-element-2c72778 elementor-section-boxed elementor-section-height-default elementor-section-height-default\" data-id=\"2c72778\" data-element_type=\"section\">\n\t\t\t\t\t\t<div class=\"elementor-container elementor-column-gap-default\">\n\t\t\t\t\t<div class=\"elementor-column elementor-col-100 elementor-top-column elementor-element elementor-element-2dcafa9\" data-id=\"2dcafa9\" data-element_type=\"column\">\n\t\t\t<div class=\"elementor-widget-wrap elementor-element-populated\">\n\t\t\t\t\t\t\t\t<div class=\"elementor-element elementor-element-f1675eb elementor-widget elementor-widget-spacer\" data-id=\"f1675eb\" data-element_type=\"widget\" data-widget_type=\"spacer.default\">\n\t\t\t\t<div class=\"elementor-widget-container\">\n\t\t\t<style>\/*! elementor - v3.9.1 - 14-12-2022 *\/\n.elementor-column .elementor-spacer-inner{height:var(--spacer-size)}.e-con{--container-widget-width:100%}.e-con-inner>.elementor-widget-spacer,.e-con>.elementor-widget-spacer{width:var(--container-widget-width,var(--spacer-size));--align-self:var(--container-widget-align-self,initial);--flex-shrink:0}.e-con-inner>.elementor-widget-spacer>.elementor-widget-container,.e-con-inner>.elementor-widget-spacer>.elementor-widget-container>.elementor-spacer,.e-con>.elementor-widget-spacer>.elementor-widget-container,.e-con>.elementor-widget-spacer>.elementor-widget-container>.elementor-spacer{height:100%}.e-con-inner>.elementor-widget-spacer>.elementor-widget-container>.elementor-spacer>.elementor-spacer-inner,.e-con>.elementor-widget-spacer>.elementor-widget-container>.elementor-spacer>.elementor-spacer-inner{height:var(--container-widget-height,var(--spacer-size))}<\/style>\t\t<div class=\"elementor-spacer\">\n\t\t\t<div class=\"elementor-spacer-inner\"><\/div>\n\t\t<\/div>\n\t\t\t\t<\/div>\n\t\t\t\t<\/div>\n\t\t\t\t<div class=\"elementor-element elementor-element-619bf5f elementor-widget elementor-widget-heading\" data-id=\"619bf5f\" data-element_type=\"widget\" data-widget_type=\"heading.default\">\n\t\t\t\t<div class=\"elementor-widget-container\">\n\t\t\t<style>\/*! elementor - v3.9.1 - 14-12-2022 *\/\n.elementor-heading-title{padding:0;margin:0;line-height:1}.elementor-widget-heading .elementor-heading-title[class*=elementor-size-]>a{color:inherit;font-size:inherit;line-height:inherit}.elementor-widget-heading .elementor-heading-title.elementor-size-small{font-size:15px}.elementor-widget-heading .elementor-heading-title.elementor-size-medium{font-size:19px}.elementor-widget-heading .elementor-heading-title.elementor-size-large{font-size:29px}.elementor-widget-heading .elementor-heading-title.elementor-size-xl{font-size:39px}.elementor-widget-heading .elementor-heading-title.elementor-size-xxl{font-size:59px}<\/style><h1 class=\"elementor-heading-title elementor-size-default\">Danh s\u00e1ch nh\u00e2n vi\u00ean Soul And Skills<\/h1>\t\t<\/div>\n\t\t\t\t<\/div>\n\t\t\t\t<div class=\"elementor-element elementor-element-efb157c elementor-widget elementor-widget-image\" data-id=\"efb157c\" data-element_type=\"widget\" data-widget_type=\"image.default\">\n\t\t\t\t<div class=\"elementor-widget-container\">\n\t\t\t<style>\/*! elementor - v3.9.1 - 14-12-2022 *\/\n.elementor-widget-image{text-align:center}.elementor-widget-image a{display:inline-block}.elementor-widget-image a img[src$=\".svg\"]{width:48px}.elementor-widget-image img{vertical-align:middle;display:inline-block}<\/style>\t\t\t\t\t\t\t\t\t\t\t\t\t<a href=\"https:\/\/soulandskills.vn\/wp-content\/uploads\/2025\/05\/danh-sach-nhan-vien.png\" data-elementor-open-lightbox=\"yes\" data-elementor-lightbox-title=\"danh-sach-nhan-vien\" e-action-hash=\"#elementor-action%3Aaction%3Dlightbox%26settings%3DeyJpZCI6MzQ4NCwidXJsIjoiaHR0cHM6XC9cL3NvdWxhbmRza2lsbHMudm5cL3dwLWNvbnRlbnRcL3VwbG9hZHNcLzIwMjVcLzA1XC9kYW5oLXNhY2gtbmhhbi12aWVuLnBuZyJ9\">\n\t\t\t\t\t\t\t<img decoding=\"async\" width=\"815\" height=\"834\" src=\"https:\/\/soulandskills.vn\/wp-content\/uploads\/2025\/05\/danh-sach-nhan-vien.png\" class=\"attachment-2048x2048 size-2048x2048 wp-image-3484\" alt=\"\" srcset=\"https:\/\/soulandskills.vn\/wp-content\/uploads\/2025\/05\/danh-sach-nhan-vien.png 815w, https:\/\/soulandskills.vn\/wp-content\/uploads\/2025\/05\/danh-sach-nhan-vien-293x300.png 293w, https:\/\/soulandskills.vn\/wp-content\/uploads\/2025\/05\/danh-sach-nhan-vien-768x786.png 768w, https:\/\/soulandskills.vn\/wp-content\/uploads\/2025\/05\/danh-sach-nhan-vien-12x12.png 12w\" sizes=\"(max-width: 815px) 100vw, 815px\" \/>\t\t\t\t\t\t\t\t<\/a>\n\t\t\t\t\t\t\t\t\t\t\t\t\t\t\t<\/div>\n\t\t\t\t<\/div>\n\t\t\t\t\t<\/div>\n\t\t<\/div>\n\t\t\t\t\t\t\t<\/div>\n\t\t<\/section>\n\t\t\t\t<section class=\"elementor-section elementor-top-section elementor-element elementor-element-a44829e elementor-section-boxed elementor-section-height-default elementor-section-height-default\" data-id=\"a44829e\" data-element_type=\"section\" data-settings=\"{&quot;background_background&quot;:&quot;classic&quot;}\">\n\t\t\t\t\t\t<div class=\"elementor-container elementor-column-gap-default\">\n\t\t\t\t\t<div class=\"elementor-column elementor-col-50 elementor-top-column elementor-element elementor-element-44b2b49\" data-id=\"44b2b49\" data-element_type=\"column\">\n\t\t\t<div class=\"elementor-widget-wrap elementor-element-populated\">\n\t\t\t\t\t\t\t\t<div class=\"elementor-element elementor-element-1cafb5f elementor-widget elementor-widget-heading\" data-id=\"1cafb5f\" data-element_type=\"widget\" data-widget_type=\"heading.default\">\n\t\t\t\t<div class=\"elementor-widget-container\">\n\t\t\t<div class=\"elementor-heading-title elementor-size-default\">Contact information<\/div>\t\t<\/div>\n\t\t\t\t<\/div>\n\t\t\t\t<div class=\"elementor-element elementor-element-66a5927 elementor-widget elementor-widget-heading\" data-id=\"66a5927\" data-element_type=\"widget\" data-widget_type=\"heading.default\">\n\t\t\t\t<div class=\"elementor-widget-container\">\n\t\t\t<div class=\"elementor-heading-title elementor-size-small\">Soul and Skills - Center for Life Skills for Children<\/div>\t\t<\/div>\n\t\t\t\t<\/div>\n\t\t\t\t<div class=\"elementor-element elementor-element-c06ba97 elementor-widget elementor-widget-heading\" data-id=\"c06ba97\" data-element_type=\"widget\" data-widget_type=\"heading.default\">\n\t\t\t\t<div class=\"elementor-widget-container\">\n\t\t\t<div class=\"elementor-heading-title elementor-size-default\">Every child is smart in their own way. Understanding this, Soul and Skills is proud to be the training center for life skills, trusted by many parents to accompany their children and open new doors to step into the world of \"Global citizens\".<\/div>\t\t<\/div>\n\t\t\t\t<\/div>\n\t\t\t\t<div class=\"elementor-element elementor-element-b40f062 elementor-position-left elementor-vertical-align-top elementor-widget elementor-widget-image-box\" data-id=\"b40f062\" data-element_type=\"widget\" data-widget_type=\"image-box.default\">\n\t\t\t\t<div class=\"elementor-widget-container\">\n\t\t\t<style>\/*! elementor - v3.9.1 - 14-12-2022 *\/\n.elementor-widget-image-box .elementor-image-box-content{width:100%}@media (min-width:768px){.elementor-widget-image-box.elementor-position-left .elementor-image-box-wrapper,.elementor-widget-image-box.elementor-position-right .elementor-image-box-wrapper{display:flex}.elementor-widget-image-box.elementor-position-right .elementor-image-box-wrapper{text-align:right;flex-direction:row-reverse}.elementor-widget-image-box.elementor-position-left .elementor-image-box-wrapper{text-align:left;flex-direction:row}.elementor-widget-image-box.elementor-position-top .elementor-image-box-img{margin:auto}.elementor-widget-image-box.elementor-vertical-align-top .elementor-image-box-wrapper{align-items:flex-start}.elementor-widget-image-box.elementor-vertical-align-middle .elementor-image-box-wrapper{align-items:center}.elementor-widget-image-box.elementor-vertical-align-bottom .elementor-image-box-wrapper{align-items:flex-end}}@media (max-width:767px){.elementor-widget-image-box .elementor-image-box-img{margin-left:auto!important;margin-right:auto!important;margin-bottom:15px}}.elementor-widget-image-box .elementor-image-box-img{display:inline-block}.elementor-widget-image-box .elementor-image-box-title a{color:inherit}.elementor-widget-image-box .elementor-image-box-wrapper{text-align:center}.elementor-widget-image-box .elementor-image-box-description{margin:0}<\/style><div class=\"elementor-image-box-wrapper\"><figure class=\"elementor-image-box-img\"><img decoding=\"async\" src=\"https:\/\/soulandskills.vn\/wp-content\/uploads\/elementor\/thumbs\/Group-73-r1bxph1dv606jgcgu5cdv0mzit3fhbz0vgltg6pnyo.png\" title=\"Group-73.png\" alt=\"Group-73.png\" \/><\/figure><div class=\"elementor-image-box-content\"><div class=\"elementor-image-box-title\">Phone<\/div><p class=\"elementor-image-box-description\"> 0919 678 660 \u2013 0373 136 776<\/p><\/div><\/div>\t\t<\/div>\n\t\t\t\t<\/div>\n\t\t\t\t<div class=\"elementor-element elementor-element-bb723b9 elementor-position-left elementor-vertical-align-top elementor-widget elementor-widget-image-box\" data-id=\"bb723b9\" data-element_type=\"widget\" data-widget_type=\"image-box.default\">\n\t\t\t\t<div class=\"elementor-widget-container\">\n\t\t\t<div class=\"elementor-image-box-wrapper\"><figure class=\"elementor-image-box-img\"><img decoding=\"async\" src=\"https:\/\/soulandskills.vn\/wp-content\/uploads\/elementor\/thumbs\/Group-74-r1bxph1dv606jgcgu5cdv0mzit3fhbz0vgltg6pnyo.png\" title=\"Group-74.png\" alt=\"Group-74.png\" \/><\/figure><div class=\"elementor-image-box-content\"><div class=\"elementor-image-box-title\">Address<\/div><p class=\"elementor-image-box-description\">V\u0103n ph\u00f2ng \u0111\u1ea1i di\u1ec7n: S\u1ed1 47\/3 Tr\u1ea7n Qu\u1ed1c To\u1ea3n, Ph\u01b0\u1eddng Xu\u00e2n H\u00f2a, Tp. H\u1ed3 Ch\u00ed Minh<\/p><\/div><\/div>\t\t<\/div>\n\t\t\t\t<\/div>\n\t\t\t\t<div class=\"elementor-element elementor-element-8b36770 elementor-position-left elementor-vertical-align-top elementor-widget elementor-widget-image-box\" data-id=\"8b36770\" data-element_type=\"widget\" data-widget_type=\"image-box.default\">\n\t\t\t\t<div class=\"elementor-widget-container\">\n\t\t\t<div class=\"elementor-image-box-wrapper\"><figure class=\"elementor-image-box-img\"><img decoding=\"async\" src=\"https:\/\/soulandskills.vn\/wp-content\/uploads\/elementor\/thumbs\/Group-75-r1bxph1dv606jgcgu5cdv0mzit3fhbz0vgltg6pnyo.png\" title=\"Group-75.png\" alt=\"Group-75.png\" \/><\/figure><div class=\"elementor-image-box-content\"><div class=\"elementor-image-box-title\">Other contact<\/div><p class=\"elementor-image-box-description\">Email: info@soulandskills.vn<\/p><\/div><\/div>\t\t<\/div>\n\t\t\t\t<\/div>\n\t\t\t\t\t<\/div>\n\t\t<\/div>\n\t\t\t\t<div class=\"elementor-column elementor-col-50 elementor-top-column elementor-element elementor-element-39cf9c1\" data-id=\"39cf9c1\" data-element_type=\"column\">\n\t\t\t<div class=\"elementor-widget-wrap elementor-element-populated\">\n\t\t\t\t\t\t\t\t<div class=\"elementor-element elementor-element-b13f9e0 elementor-widget elementor-widget-html\" data-id=\"b13f9e0\" data-element_type=\"widget\" data-widget_type=\"html.default\">\n\t\t\t\t<div class=\"elementor-widget-container\">\n\t\t\t<style>\n    \n    \n    .b24-form-btn {\n    background-color: #bf3d36 !important;\n}\n.b24-form-header-title{\n    font-size: 25px;\n}\n<\/style>\n<script data-b24-form=\"inline\/39\/n4yk3b\" data-skip-moving=\"true\">\n(function(w,d,u){\nvar s=d.createElement('script');s.async=true;s.src=u+'?'+(Date.now()\/180000|0);\nvar h=d.getElementsByTagName('script')[0];h.parentNode.insertBefore(s,h);\n})(window,document,'https:\/\/anhnguiclc.com\/upload\/crm\/form\/loader_39_n4yk3b.js');\n<\/script>\n\t\t<\/div>\n\t\t\t\t<\/div>\n\t\t\t\t\t<\/div>\n\t\t<\/div>\n\t\t\t\t\t\t\t<\/div>\n\t\t<\/section>\n\t\t\t\t\t\t\t<\/div>","protected":false},"excerpt":{"rendered":"<p>Danh s\u00e1ch nh\u00e2n vi\u00ean Soul And Skills Th\u00f4ng tin li\u00ean h\u1ec7 Soul and Skills &#8211; Trung t\u00e2m K\u1ef9 n\u0103ng s\u1ed1ng cho b\u00e9 &#8220;M\u1ed7i \u0111\u1ee9a tr\u1ebb \u0111\u1ec1u th\u00f4ng minh theo m\u1ed9t c\u00e1ch ri\u00eang&#8221;. Hi\u1ec3u \u0111\u01b0\u1ee3c \u0111i\u1ec1u \u0111\u00f3, Soul and Skills t\u1ef1 h\u00e0o l\u00e0 trung t\u00e2m \u0111\u00e0o t\u1ea1o k\u1ef9 n\u0103ng s\u1ed1ng uy t\u00edn, \u0111\u01b0\u1ee3c nhi\u1ec1u ph\u1ee5 huynh &hellip;<\/p>\n<p class=\"read-more\"> <a class=\"\" href=\"https:\/\/soulandskills.vn\/en\/danh-sach-nhan-vien\/\"> <span class=\"screen-reader-text\">Danh s\u00e1ch nh\u00e2n vi\u00ean<\/span> Read More &raquo;<\/a><\/p>","protected":false},"author":484,"featured_media":0,"parent":0,"menu_order":0,"comment_status":"closed","ping_status":"closed","template":"","meta":{"site-sidebar-layout":"no-sidebar","site-content-layout":"page-builder","ast-global-header-display":"","ast-main-header-display":"","ast-hfb-above-header-display":"","ast-hfb-below-header-display":"","ast-hfb-mobile-header-display":"","site-post-title":"disabled","ast-breadcrumbs-content":"","ast-featured-img":"disabled","footer-sml-layout":"","theme-transparent-header-meta":"default","adv-header-id-meta":"","stick-header-meta":"","header-above-stick-meta":"","header-main-stick-meta":"","header-below-stick-meta":"","footnotes":""},"class_list":["post-3482","page","type-page","status-publish","hentry"],"yoast_head":"<!-- This site is optimized with the Yoast SEO plugin v19.11 - https:\/\/yoast.com\/wordpress\/plugins\/seo\/ -->\n<title>Danh s\u00e1ch nh\u00e2n vi\u00ean - Soul and Skills<\/title>\n<meta name=\"robots\" content=\"index, follow, max-snippet:-1, max-image-preview:large, max-video-preview:-1\" \/>\n<link rel=\"canonical\" href=\"https:\/\/soulandskills.vn\/en\/danh-sach-nhan-vien\/\" \/>\n<meta property=\"og:locale\" content=\"en_US\" \/>\n<meta property=\"og:type\" content=\"article\" \/>\n<meta property=\"og:title\" content=\"Danh s\u00e1ch nh\u00e2n vi\u00ean - Soul and Skills\" \/>\n<meta property=\"og:description\" content=\"Danh s\u00e1ch nh\u00e2n vi\u00ean Soul And Skills Th\u00f4ng tin li\u00ean h\u1ec7 Soul and Skills &#8211; Trung t\u00e2m K\u1ef9 n\u0103ng s\u1ed1ng cho b\u00e9 &#8220;M\u1ed7i \u0111\u1ee9a tr\u1ebb \u0111\u1ec1u th\u00f4ng minh theo m\u1ed9t c\u00e1ch ri\u00eang&#8221;. Hi\u1ec3u \u0111\u01b0\u1ee3c \u0111i\u1ec1u \u0111\u00f3, Soul and Skills t\u1ef1 h\u00e0o l\u00e0 trung t\u00e2m \u0111\u00e0o t\u1ea1o k\u1ef9 n\u0103ng s\u1ed1ng uy t\u00edn, \u0111\u01b0\u1ee3c nhi\u1ec1u ph\u1ee5 huynh &hellip; Danh s\u00e1ch nh\u00e2n vi\u00ean Read More &raquo;\" \/>\n<meta property=\"og:url\" content=\"https:\/\/soulandskills.vn\/en\/danh-sach-nhan-vien\/\" \/>\n<meta property=\"og:site_name\" content=\"Soul and Skills\" \/>\n<meta property=\"article:modified_time\" content=\"2026-01-20T06:59:13+00:00\" \/>\n<meta property=\"og:image\" content=\"https:\/\/soulandskills.vn\/wp-content\/uploads\/2025\/05\/danh-sach-nhan-vien.png\" \/>\n<meta name=\"twitter:card\" content=\"summary_large_image\" \/>\n<meta name=\"twitter:label1\" content=\"Est. reading time\" \/>\n\t<meta name=\"twitter:data1\" content=\"2 minutes\" \/>\n<script type=\"application\/ld+json\" class=\"yoast-schema-graph\">{\"@context\":\"https:\/\/schema.org\",\"@graph\":[{\"@type\":\"WebPage\",\"@id\":\"https:\/\/soulandskills.vn\/danh-sach-nhan-vien\/\",\"url\":\"https:\/\/soulandskills.vn\/danh-sach-nhan-vien\/\",\"name\":\"Danh s\u00e1ch nh\u00e2n vi\u00ean - Soul and Skills\",\"isPartOf\":{\"@id\":\"https:\/\/soulandskills.vn\/#website\"},\"datePublished\":\"2025-05-21T13:42:48+00:00\",\"dateModified\":\"2026-01-20T06:59:13+00:00\",\"breadcrumb\":{\"@id\":\"https:\/\/soulandskills.vn\/danh-sach-nhan-vien\/#breadcrumb\"},\"inLanguage\":\"en-US\",\"potentialAction\":[{\"@type\":\"ReadAction\",\"target\":[\"https:\/\/soulandskills.vn\/danh-sach-nhan-vien\/\"]}]},{\"@type\":\"BreadcrumbList\",\"@id\":\"https:\/\/soulandskills.vn\/danh-sach-nhan-vien\/#breadcrumb\",\"itemListElement\":[{\"@type\":\"ListItem\",\"position\":1,\"name\":\"Home\",\"item\":\"https:\/\/soulandskills.vn\/\"},{\"@type\":\"ListItem\",\"position\":2,\"name\":\"Danh s\u00e1ch nh\u00e2n vi\u00ean\"}]},{\"@type\":\"WebSite\",\"@id\":\"https:\/\/soulandskills.vn\/#website\",\"url\":\"https:\/\/soulandskills.vn\/\",\"name\":\"Soul and Skills\",\"description\":\"\",\"potentialAction\":[{\"@type\":\"SearchAction\",\"target\":{\"@type\":\"EntryPoint\",\"urlTemplate\":\"https:\/\/soulandskills.vn\/?s={search_term_string}\"},\"query-input\":\"required name=search_term_string\"}],\"inLanguage\":\"en-US\"}]}<\/script>\n<!-- \/ Yoast SEO plugin. -->","yoast_head_json":{"title":"Danh s\u00e1ch nh\u00e2n vi\u00ean - Soul and Skills","robots":{"index":"index","follow":"follow","max-snippet":"max-snippet:-1","max-image-preview":"max-image-preview:large","max-video-preview":"max-video-preview:-1"},"canonical":"https:\/\/soulandskills.vn\/en\/danh-sach-nhan-vien\/","og_locale":"en_US","og_type":"article","og_title":"Danh s\u00e1ch nh\u00e2n vi\u00ean - Soul and Skills","og_description":"Danh s\u00e1ch nh\u00e2n vi\u00ean Soul And Skills Th\u00f4ng tin li\u00ean h\u1ec7 Soul and Skills &#8211; Trung t\u00e2m K\u1ef9 n\u0103ng s\u1ed1ng cho b\u00e9 &#8220;M\u1ed7i \u0111\u1ee9a tr\u1ebb \u0111\u1ec1u th\u00f4ng minh theo m\u1ed9t c\u00e1ch ri\u00eang&#8221;. Hi\u1ec3u \u0111\u01b0\u1ee3c \u0111i\u1ec1u \u0111\u00f3, Soul and Skills t\u1ef1 h\u00e0o l\u00e0 trung t\u00e2m \u0111\u00e0o t\u1ea1o k\u1ef9 n\u0103ng s\u1ed1ng uy t\u00edn, \u0111\u01b0\u1ee3c nhi\u1ec1u ph\u1ee5 huynh &hellip; Danh s\u00e1ch nh\u00e2n vi\u00ean Read More &raquo;","og_url":"https:\/\/soulandskills.vn\/en\/danh-sach-nhan-vien\/","og_site_name":"Soul and Skills","article_modified_time":"2026-01-20T06:59:13+00:00","og_image":[{"url":"https:\/\/soulandskills.vn\/wp-content\/uploads\/2025\/05\/danh-sach-nhan-vien.png"}],"twitter_card":"summary_large_image","twitter_misc":{"Est. reading time":"2 minutes"},"schema":{"@context":"https:\/\/schema.org","@graph":[{"@type":"WebPage","@id":"https:\/\/soulandskills.vn\/danh-sach-nhan-vien\/","url":"https:\/\/soulandskills.vn\/danh-sach-nhan-vien\/","name":"Danh s\u00e1ch nh\u00e2n vi\u00ean - Soul and Skills","isPartOf":{"@id":"https:\/\/soulandskills.vn\/#website"},"datePublished":"2025-05-21T13:42:48+00:00","dateModified":"2026-01-20T06:59:13+00:00","breadcrumb":{"@id":"https:\/\/soulandskills.vn\/danh-sach-nhan-vien\/#breadcrumb"},"inLanguage":"en-US","potentialAction":[{"@type":"ReadAction","target":["https:\/\/soulandskills.vn\/danh-sach-nhan-vien\/"]}]},{"@type":"BreadcrumbList","@id":"https:\/\/soulandskills.vn\/danh-sach-nhan-vien\/#breadcrumb","itemListElement":[{"@type":"ListItem","position":1,"name":"Home","item":"https:\/\/soulandskills.vn\/"},{"@type":"ListItem","position":2,"name":"Danh s\u00e1ch nh\u00e2n vi\u00ean"}]},{"@type":"WebSite","@id":"https:\/\/soulandskills.vn\/#website","url":"https:\/\/soulandskills.vn\/","name":"Soul and Skills","description":"","potentialAction":[{"@type":"SearchAction","target":{"@type":"EntryPoint","urlTemplate":"https:\/\/soulandskills.vn\/?s={search_term_string}"},"query-input":"required name=search_term_string"}],"inLanguage":"en-US"}]}},"_links":{"self":[{"href":"https:\/\/soulandskills.vn\/en\/wp-json\/wp\/v2\/pages\/3482","targetHints":{"allow":["GET"]}}],"collection":[{"href":"https:\/\/soulandskills.vn\/en\/wp-json\/wp\/v2\/pages"}],"about":[{"href":"https:\/\/soulandskills.vn\/en\/wp-json\/wp\/v2\/types\/page"}],"author":[{"embeddable":true,"href":"https:\/\/soulandskills.vn\/en\/wp-json\/wp\/v2\/users\/484"}],"replies":[{"embeddable":true,"href":"https:\/\/soulandskills.vn\/en\/wp-json\/wp\/v2\/comments?post=3482"}],"version-history":[{"count":19,"href":"https:\/\/soulandskills.vn\/en\/wp-json\/wp\/v2\/pages\/3482\/revisions"}],"predecessor-version":[{"id":4326,"href":"https:\/\/soulandskills.vn\/en\/wp-json\/wp\/v2\/pages\/3482\/revisions\/4326"}],"wp:attachment":[{"href":"https:\/\/soulandskills.vn\/en\/wp-json\/wp\/v2\/media?parent=3482"}],"curies":[{"name":"wp","href":"https:\/\/api.w.org\/{rel}","templated":true}]}}