{"id":3949,"date":"2025-07-29T09:14:30","date_gmt":"2025-07-29T02:14:30","guid":{"rendered":"https:\/\/soulandskills.vn\/?page_id=3949"},"modified":"2026-01-20T14:15:30","modified_gmt":"2026-01-20T07:15:30","slug":"chinh-sach-chung-soul-and-skills","status":"publish","type":"page","link":"https:\/\/soulandskills.vn\/en\/chinh-sach-chung-soul-and-skills\/","title":{"rendered":"Chi\u0301nh sa\u0301ch chung Soul and Skills"},"content":{"rendered":"<ol>\n<li><strong><b> Ch\u00ednh s\u00e1ch \u0111\u0103ng k\u00fd<\/b><\/strong><\/li>\n<\/ol>\n<p>&#8211; \u0110\u1ed1i t\u01b0\u1ee3ng \u0111\u0103ng k\u00fd: t\u1ea5t c\u1ea3 c\u00e1c h\u1ecdc vi\u00ean t\u1eeb 18 tu\u1ed5i \u0111\u1ec1u c\u00f3 th\u1ec3 t\u1ef1 \u0111\u0103ng k\u00fd kh\u00f3a h\u1ecdc t\u1ea1i website soulandskills.vn; \u0111\u1ed1i v\u1edbi c\u00e1c h\u1ecdc vi\u00ean d\u01b0\u1edbi 18 tu\u1ed5i, ph\u1ee5 huynh ho\u1eb7c ng\u01b0\u1eddi gi\u00e1m h\u1ed9 vui l\u00f2ng \u0111\u0103ng k\u00fd thay.<\/p>\n<p>&#8211; Khi ti\u1ebfn h\u00e0nh \u0111\u0103ng k\u00fd kh\u00f3a h\u1ecdc, th\u00ec xem nh\u01b0 ng\u01b0\u1eddi \u0111\u0103ng k\u00fd \u2013 h\u1ecdc vi\u00ean \u0111\u00e3 \u0111\u1ecdc k\u1ef9 v\u00e0 n\u1eafm r\u00f5 c\u00e1c quy \u0111\u1ecbnh, ch\u00ednh s\u00e1ch v\u1ec1 vi\u1ec7c \u0111\u0103ng k\u00fd v\u00e0 cung c\u1ea5p, thu th\u1eadp th\u00f4ng tin; v\u00e0 \u0111\u1ed3ng \u00fd v\u1edbi c\u00e1c quy \u0111\u1ecbnh, ch\u00ednh s\u00e1ch n\u00e0y.<\/p>\n<p>&#8211; Ng\u01b0\u1eddi \u0111\u0103ng k\u00fd vui l\u00f2ng ki\u1ec3m tra k\u1ef9 th\u00f4ng tin \u0111\u0103ng k\u00fd, \u0111\u1ecdc k\u1ef9 c\u00e1c quy \u0111\u1ecbnh c\u1ee7a web soulandskills.vn tr\u01b0\u1edbc khi ti\u1ebfn h\u00e0nh thanh to\u00e1n;<\/p>\n<p>Tr\u01b0\u1eddng h\u1ee3p ng\u01b0\u1eddi \u0111\u0103ng k\u00fd mu\u1ed1n ho\u00e0n ti\u1ec1n, soulandskills.vn s\u1ebd ti\u1ebfn h\u00e0nh ho\u00e0n ti\u1ec1n theo ch\u00ednh s\u00e1ch ho\u00e0n ti\u1ec1n.<\/p>\n<ol start=\"2\">\n<li><strong><b> Ch\u00ednh s\u00e1ch ho\u00e0n ti\u1ec1n v\u00e0 b\u1ea3o l\u01b0u h\u1ecdc ph\u00ed<\/b><\/strong><\/li>\n<\/ol>\n<p>V\u00ec m\u1ed9t l\u00fd do n\u00e0o \u0111\u00f3 m\u00e0 h\u1ecdc vi\u00ean kh\u00f4ng th\u1ec3 ti\u1ebfp t\u1ee5c tham gia h\u1ecdc c\u00e1c kh\u00f3a h\u1ecdc c\u1ee7a ch\u00fang t\u00f4i, ch\u00fang t\u00f4i s\u1ebd xem x\u00e9t v\u00e0 ho\u00e0n tr\u1ea3\/b\u1ea3o l\u01b0u h\u1ecdc ph\u00ed cho b\u1ea1n:<\/p>\n<p><strong><em><b><i>2.1. Ch\u00ednh s\u00e1ch ho\u00e0n tr\u1ea3<\/i><\/b><\/em><\/strong><\/p>\n<p>&#8211; Tr\u01b0\u1edbc 30 ng\u00e0y h\u1ecdc \u0111\u1ea7u ti\u00ean c\u1ee7a kh\u00f3a h\u1ecdc, b\u1ea1n s\u1ebd \u0111\u01b0\u1ee3c ho\u00e0n tr\u1ea3 90% h\u1ecdc ph\u00ed\u00a0<em><i>(vui l\u00f2ng xu\u1ea5t tr\u00ecnh CMND ho\u1eb7c gi\u1ea5y t\u1edd t\u00f9y th\u00e2n c\u00f3 d\u00e1n \u1ea3nh c\u1ee7a ch\u00ednh b\u1ea1n)<\/i><\/em>.<\/p>\n<p>&#8211; Tr\u01b0\u1edbc 15 ng\u00e0y h\u1ecdc \u0111\u1ea7u ti\u00ean c\u1ee7a kh\u00f3a h\u1ecdc, b\u1ea1n s\u1ebd \u0111\u01b0\u1ee3c ho\u00e0n tr\u1ea3 50% h\u1ecdc ph\u00ed\u00a0<em><i>(vui l\u00f2ng xu\u1ea5t tr\u00ecnh CMND ho\u1eb7c gi\u1ea5y t\u1edd t\u00f9y th\u00e2n c\u00f3 d\u00e1n \u1ea3nh c\u1ee7a ch\u00ednh b\u1ea1n)<\/i><\/em>.<\/p>\n<p>&#8211; Tr\u01b0\u1edbc 05 ng\u00e0y h\u1ecdc \u0111\u1ea7u ti\u00ean c\u1ee7a kh\u00f3a h\u1ecdc, b\u1ea1n s\u1ebd \u0111\u01b0\u1ee3c ho\u00e0n tr\u1ea3 25% h\u1ecdc ph\u00ed\u00a0<em><i>(vui l\u00f2ng xu\u1ea5t tr\u00ecnh CMND ho\u1eb7c gi\u1ea5y t\u1edd t\u00f9y th\u00e2n c\u00f3 d\u00e1n \u1ea3nh c\u1ee7a ch\u00ednh b\u1ea1n)<\/i><\/em>.<\/p>\n<p>&#8211; Nh\u1eefng tr\u01b0\u1eddng h\u1ee3p c\u00f2n l\u1ea1i, b\u1ea1n s\u1ebd kh\u00f4ng \u0111\u01b0\u1ee3c ho\u00e0n h\u1ecdc ph\u00ed;<\/p>\n<p>Th\u00f4ng tin li\u00ean h\u1ec7 \u0111\u1ec3 l\u00e0m th\u1ee7 t\u1ee5c ho\u00e0n h\u1ecdc ph\u00ed:<\/p>\n<p>S\u0110T: 0919 678 660 \u2013 0373 136 776<\/p>\n<p>Email: info@soulandskills.vn<\/p>\n<p><strong><em><b><i>2.2. B\u1ea3o l\u01b0u h\u1ecdc ph\u00ed<\/i><\/b><\/em><\/strong><\/p>\n<p>&#8211; Hi\u1ec7n t\u1ea1i Soul and Skills kh\u00f4ng c\u00f3 ch\u00ednh s\u00e1ch b\u1ea3o l\u01b0u h\u1ecdc ph\u00ed.<\/p>\n<p>&#8211; Tuy nhi\u00ean, trong c\u00e1c tr\u01b0\u1eddng h\u1ee3p \u0111\u1eb7c bi\u1ec7t c\u1ea7n h\u1ed7 tr\u1ee3, H\u1ecdc vi\u00ean li\u00ean h\u1ec7 B\u1ed9 ph\u1eadn T\u01b0 v\u1ea5n \u0111\u1ec3 \u0111\u01b0\u1ee3c phi\u1ebfu y\u00eau c\u1ea7u h\u1ed7 tr\u1ee3:<\/p>\n<p>S\u0110T: 0919 678 660 \u2013 0373 136 776<\/p>\n<p>Email: info@soulandskills.vn<\/p>\n<p>&nbsp;<\/p>\n<ol start=\"3\">\n<li><strong><b> Ch\u00ednh s\u00e1ch s\u1eed d\u1ee5ng<\/b><\/strong><\/li>\n<\/ol>\n<p>3.1. Ch\u00fang t\u00f4i cung c\u1ea5p t\u1ea5t c\u1ea3 n\u1ed9i dung c\u1ee7a c\u00e1c kh\u00f3a h\u1ecdc, ch\u00ednh s\u00e1ch \u01b0u \u0111\u00e3i, ho\u1eb7c c\u00e1c n\u1ed9i dung kh\u00e1c li\u00ean quan \u0111\u1ebfn c\u00e1c kh\u00f3a h\u1ecdc tr\u00ean website\u00a0soulandskills.vn<\/p>\n<p>3.2. B\u1ea1n kh\u00f4ng \u0111\u01b0\u1ee3c ph\u00e9p sao ch\u00e9p n\u1ed9i dung t\u1eeb\u00a0soulandskills.vn sang m\u1ed9t h\u1ec7 th\u1ed1ng th\u1ee9 ba khi ch\u01b0a c\u00f3 s\u1ef1 \u0111\u1ed3ng \u00fd t\u1eeb ch\u00fang t\u00f4i.<\/p>\n<p>&nbsp;<\/p>","protected":false},"excerpt":{"rendered":"<p>Ch\u00ednh s\u00e1ch \u0111\u0103ng k\u00fd &#8211; \u0110\u1ed1i t\u01b0\u1ee3ng \u0111\u0103ng k\u00fd: t\u1ea5t c\u1ea3 c\u00e1c h\u1ecdc vi\u00ean t\u1eeb 18 tu\u1ed5i \u0111\u1ec1u c\u00f3 th\u1ec3 t\u1ef1 \u0111\u0103ng k\u00fd kh\u00f3a h\u1ecdc t\u1ea1i website soulandskills.vn; \u0111\u1ed1i v\u1edbi c\u00e1c h\u1ecdc vi\u00ean d\u01b0\u1edbi 18 tu\u1ed5i, ph\u1ee5 huynh ho\u1eb7c ng\u01b0\u1eddi gi\u00e1m h\u1ed9 vui l\u00f2ng \u0111\u0103ng k\u00fd thay. &#8211; Khi ti\u1ebfn h\u00e0nh \u0111\u0103ng k\u00fd kh\u00f3a h\u1ecdc, &hellip;<\/p>\n<p class=\"read-more\"> <a class=\"\" href=\"https:\/\/soulandskills.vn\/en\/chinh-sach-chung-soul-and-skills\/\"> <span class=\"screen-reader-text\">Chi\u0301nh sa\u0301ch chung Soul and Skills<\/span> Read More &raquo;<\/a><\/p>","protected":false},"author":484,"featured_media":0,"parent":0,"menu_order":0,"comment_status":"closed","ping_status":"closed","template":"","meta":{"site-sidebar-layout":"default","site-content-layout":"default","ast-global-header-display":"","ast-main-header-display":"","ast-hfb-above-header-display":"","ast-hfb-below-header-display":"","ast-hfb-mobile-header-display":"","site-post-title":"","ast-breadcrumbs-content":"","ast-featured-img":"","footer-sml-layout":"","theme-transparent-header-meta":"default","adv-header-id-meta":"","stick-header-meta":"","header-above-stick-meta":"","header-main-stick-meta":"","header-below-stick-meta":"","footnotes":""},"class_list":["post-3949","page","type-page","status-publish","hentry"],"yoast_head":"<!-- This site is optimized with the Yoast SEO plugin v19.11 - https:\/\/yoast.com\/wordpress\/plugins\/seo\/ -->\n<title>Chi\u0301nh sa\u0301ch chung Soul and Skills - Soul and Skills<\/title>\n<meta name=\"robots\" content=\"index, follow, max-snippet:-1, max-image-preview:large, max-video-preview:-1\" \/>\n<link rel=\"canonical\" href=\"https:\/\/soulandskills.vn\/en\/chinh-sach-chung-soul-and-skills\/\" \/>\n<meta property=\"og:locale\" content=\"en_US\" \/>\n<meta property=\"og:type\" content=\"article\" \/>\n<meta property=\"og:title\" content=\"Chi\u0301nh sa\u0301ch chung Soul and Skills - Soul and Skills\" \/>\n<meta property=\"og:description\" content=\"Ch\u00ednh s\u00e1ch \u0111\u0103ng k\u00fd &#8211; \u0110\u1ed1i t\u01b0\u1ee3ng \u0111\u0103ng k\u00fd: t\u1ea5t c\u1ea3 c\u00e1c h\u1ecdc vi\u00ean t\u1eeb 18 tu\u1ed5i \u0111\u1ec1u c\u00f3 th\u1ec3 t\u1ef1 \u0111\u0103ng k\u00fd kh\u00f3a h\u1ecdc t\u1ea1i website soulandskills.vn; \u0111\u1ed1i v\u1edbi c\u00e1c h\u1ecdc vi\u00ean d\u01b0\u1edbi 18 tu\u1ed5i, ph\u1ee5 huynh ho\u1eb7c ng\u01b0\u1eddi gi\u00e1m h\u1ed9 vui l\u00f2ng \u0111\u0103ng k\u00fd thay. &#8211; Khi ti\u1ebfn h\u00e0nh \u0111\u0103ng k\u00fd kh\u00f3a h\u1ecdc, &hellip; Chi\u0301nh sa\u0301ch chung Soul and Skills Read More &raquo;\" \/>\n<meta property=\"og:url\" content=\"https:\/\/soulandskills.vn\/en\/chinh-sach-chung-soul-and-skills\/\" \/>\n<meta property=\"og:site_name\" content=\"Soul and Skills\" \/>\n<meta property=\"article:modified_time\" content=\"2026-01-20T07:15:30+00:00\" \/>\n<meta name=\"twitter:card\" content=\"summary_large_image\" \/>\n<meta name=\"twitter:label1\" content=\"Est. reading time\" \/>\n\t<meta name=\"twitter:data1\" content=\"3 minutes\" \/>\n<script type=\"application\/ld+json\" class=\"yoast-schema-graph\">{\"@context\":\"https:\/\/schema.org\",\"@graph\":[{\"@type\":\"WebPage\",\"@id\":\"https:\/\/soulandskills.vn\/chinh-sach-chung-soul-and-skills\/\",\"url\":\"https:\/\/soulandskills.vn\/chinh-sach-chung-soul-and-skills\/\",\"name\":\"Chi\u0301nh sa\u0301ch chung Soul and Skills - Soul and Skills\",\"isPartOf\":{\"@id\":\"https:\/\/soulandskills.vn\/#website\"},\"datePublished\":\"2025-07-29T02:14:30+00:00\",\"dateModified\":\"2026-01-20T07:15:30+00:00\",\"breadcrumb\":{\"@id\":\"https:\/\/soulandskills.vn\/chinh-sach-chung-soul-and-skills\/#breadcrumb\"},\"inLanguage\":\"en-US\",\"potentialAction\":[{\"@type\":\"ReadAction\",\"target\":[\"https:\/\/soulandskills.vn\/chinh-sach-chung-soul-and-skills\/\"]}]},{\"@type\":\"BreadcrumbList\",\"@id\":\"https:\/\/soulandskills.vn\/chinh-sach-chung-soul-and-skills\/#breadcrumb\",\"itemListElement\":[{\"@type\":\"ListItem\",\"position\":1,\"name\":\"Home\",\"item\":\"https:\/\/soulandskills.vn\/\"},{\"@type\":\"ListItem\",\"position\":2,\"name\":\"Chi\u0301nh sa\u0301ch chung Soul and Skills\"}]},{\"@type\":\"WebSite\",\"@id\":\"https:\/\/soulandskills.vn\/#website\",\"url\":\"https:\/\/soulandskills.vn\/\",\"name\":\"Soul and Skills\",\"description\":\"\",\"potentialAction\":[{\"@type\":\"SearchAction\",\"target\":{\"@type\":\"EntryPoint\",\"urlTemplate\":\"https:\/\/soulandskills.vn\/?s={search_term_string}\"},\"query-input\":\"required name=search_term_string\"}],\"inLanguage\":\"en-US\"}]}<\/script>\n<!-- \/ Yoast SEO plugin. -->","yoast_head_json":{"title":"Chi\u0301nh sa\u0301ch chung Soul and Skills - Soul and Skills","robots":{"index":"index","follow":"follow","max-snippet":"max-snippet:-1","max-image-preview":"max-image-preview:large","max-video-preview":"max-video-preview:-1"},"canonical":"https:\/\/soulandskills.vn\/en\/chinh-sach-chung-soul-and-skills\/","og_locale":"en_US","og_type":"article","og_title":"Chi\u0301nh sa\u0301ch chung Soul and Skills - Soul and Skills","og_description":"Ch\u00ednh s\u00e1ch \u0111\u0103ng k\u00fd &#8211; \u0110\u1ed1i t\u01b0\u1ee3ng \u0111\u0103ng k\u00fd: t\u1ea5t c\u1ea3 c\u00e1c h\u1ecdc vi\u00ean t\u1eeb 18 tu\u1ed5i \u0111\u1ec1u c\u00f3 th\u1ec3 t\u1ef1 \u0111\u0103ng k\u00fd kh\u00f3a h\u1ecdc t\u1ea1i website soulandskills.vn; \u0111\u1ed1i v\u1edbi c\u00e1c h\u1ecdc vi\u00ean d\u01b0\u1edbi 18 tu\u1ed5i, ph\u1ee5 huynh ho\u1eb7c ng\u01b0\u1eddi gi\u00e1m h\u1ed9 vui l\u00f2ng \u0111\u0103ng k\u00fd thay. &#8211; Khi ti\u1ebfn h\u00e0nh \u0111\u0103ng k\u00fd kh\u00f3a h\u1ecdc, &hellip; Chi\u0301nh sa\u0301ch chung Soul and Skills Read More &raquo;","og_url":"https:\/\/soulandskills.vn\/en\/chinh-sach-chung-soul-and-skills\/","og_site_name":"Soul and Skills","article_modified_time":"2026-01-20T07:15:30+00:00","twitter_card":"summary_large_image","twitter_misc":{"Est. reading time":"3 minutes"},"schema":{"@context":"https:\/\/schema.org","@graph":[{"@type":"WebPage","@id":"https:\/\/soulandskills.vn\/chinh-sach-chung-soul-and-skills\/","url":"https:\/\/soulandskills.vn\/chinh-sach-chung-soul-and-skills\/","name":"Chi\u0301nh sa\u0301ch chung Soul and Skills - Soul and Skills","isPartOf":{"@id":"https:\/\/soulandskills.vn\/#website"},"datePublished":"2025-07-29T02:14:30+00:00","dateModified":"2026-01-20T07:15:30+00:00","breadcrumb":{"@id":"https:\/\/soulandskills.vn\/chinh-sach-chung-soul-and-skills\/#breadcrumb"},"inLanguage":"en-US","potentialAction":[{"@type":"ReadAction","target":["https:\/\/soulandskills.vn\/chinh-sach-chung-soul-and-skills\/"]}]},{"@type":"BreadcrumbList","@id":"https:\/\/soulandskills.vn\/chinh-sach-chung-soul-and-skills\/#breadcrumb","itemListElement":[{"@type":"ListItem","position":1,"name":"Home","item":"https:\/\/soulandskills.vn\/"},{"@type":"ListItem","position":2,"name":"Chi\u0301nh sa\u0301ch chung Soul and Skills"}]},{"@type":"WebSite","@id":"https:\/\/soulandskills.vn\/#website","url":"https:\/\/soulandskills.vn\/","name":"Soul and Skills","description":"","potentialAction":[{"@type":"SearchAction","target":{"@type":"EntryPoint","urlTemplate":"https:\/\/soulandskills.vn\/?s={search_term_string}"},"query-input":"required name=search_term_string"}],"inLanguage":"en-US"}]}},"_links":{"self":[{"href":"https:\/\/soulandskills.vn\/en\/wp-json\/wp\/v2\/pages\/3949","targetHints":{"allow":["GET"]}}],"collection":[{"href":"https:\/\/soulandskills.vn\/en\/wp-json\/wp\/v2\/pages"}],"about":[{"href":"https:\/\/soulandskills.vn\/en\/wp-json\/wp\/v2\/types\/page"}],"author":[{"embeddable":true,"href":"https:\/\/soulandskills.vn\/en\/wp-json\/wp\/v2\/users\/484"}],"replies":[{"embeddable":true,"href":"https:\/\/soulandskills.vn\/en\/wp-json\/wp\/v2\/comments?post=3949"}],"version-history":[{"count":2,"href":"https:\/\/soulandskills.vn\/en\/wp-json\/wp\/v2\/pages\/3949\/revisions"}],"predecessor-version":[{"id":4346,"href":"https:\/\/soulandskills.vn\/en\/wp-json\/wp\/v2\/pages\/3949\/revisions\/4346"}],"wp:attachment":[{"href":"https:\/\/soulandskills.vn\/en\/wp-json\/wp\/v2\/media?parent=3949"}],"curies":[{"name":"wp","href":"https:\/\/api.w.org\/{rel}","templated":true}]}}