{"id":4220,"date":"2026-01-16T10:48:46","date_gmt":"2026-01-16T03:48:46","guid":{"rendered":"https:\/\/soulandskills.vn\/?page_id=4220"},"modified":"2026-01-19T10:44:16","modified_gmt":"2026-01-19T03:44:16","slug":"ung-dung-tro-ly-ai-trong-giang-day","status":"publish","type":"page","link":"https:\/\/soulandskills.vn\/en\/ung-dung-tro-ly-ai-trong-giang-day\/","title":{"rendered":"\u1ee8ng d\u1ee5ng tr\u1ee3 l\u00fd AI trong gi\u1ea3ng d\u1ea1y"},"content":{"rendered":"<div data-elementor-type=\"wp-page\" data-elementor-id=\"4220\" class=\"elementor elementor-4220\">\n\t\t\t\t\t\t\t\t\t<section class=\"elementor-section elementor-top-section elementor-element elementor-element-d966dfd elementor-section-full_width elementor-section-height-default elementor-section-height-default\" data-id=\"d966dfd\" data-element_type=\"section\">\n\t\t\t\t\t\t<div class=\"elementor-container elementor-column-gap-default\">\n\t\t\t\t\t<div class=\"elementor-column elementor-col-100 elementor-top-column elementor-element elementor-element-cb14c94\" data-id=\"cb14c94\" data-element_type=\"column\">\n\t\t\t<div class=\"elementor-widget-wrap elementor-element-populated\">\n\t\t\t\t\t\t\t\t<div class=\"elementor-element elementor-element-1b5cb48 elementor-widget elementor-widget-image\" data-id=\"1b5cb48\" data-element_type=\"widget\" data-widget_type=\"image.default\">\n\t\t\t\t<div class=\"elementor-widget-container\">\n\t\t\t<style>\/*! elementor - v3.9.1 - 14-12-2022 *\/\n.elementor-widget-image{text-align:center}.elementor-widget-image a{display:inline-block}.elementor-widget-image a img[src$=\".svg\"]{width:48px}.elementor-widget-image img{vertical-align:middle;display:inline-block}<\/style>\t\t\t\t\t\t\t\t\t\t\t\t\t<a href=\"#dang-ky\">\n\t\t\t\t\t\t\t<img decoding=\"async\" width=\"2560\" height=\"1067\" src=\"https:\/\/soulandskills.vn\/wp-content\/uploads\/2026\/01\/1-scaled.jpg\" class=\"attachment-full size-full wp-image-4239\" alt=\"\" srcset=\"https:\/\/soulandskills.vn\/wp-content\/uploads\/2026\/01\/1-scaled.jpg 2560w, https:\/\/soulandskills.vn\/wp-content\/uploads\/2026\/01\/1-300x125.jpg 300w, https:\/\/soulandskills.vn\/wp-content\/uploads\/2026\/01\/1-1024x427.jpg 1024w, https:\/\/soulandskills.vn\/wp-content\/uploads\/2026\/01\/1-768x320.jpg 768w, https:\/\/soulandskills.vn\/wp-content\/uploads\/2026\/01\/1-1536x640.jpg 1536w, https:\/\/soulandskills.vn\/wp-content\/uploads\/2026\/01\/1-2048x853.jpg 2048w, https:\/\/soulandskills.vn\/wp-content\/uploads\/2026\/01\/1-18x8.jpg 18w\" sizes=\"(max-width: 2560px) 100vw, 2560px\" \/>\t\t\t\t\t\t\t\t<\/a>\n\t\t\t\t\t\t\t\t\t\t\t\t\t\t\t<\/div>\n\t\t\t\t<\/div>\n\t\t\t\t\t<\/div>\n\t\t<\/div>\n\t\t\t\t\t\t\t<\/div>\n\t\t<\/section>\n\t\t\t\t<section class=\"elementor-section elementor-top-section elementor-element elementor-element-eaa1ae4 elementor-section-full_width elementor-section-height-default elementor-section-height-default\" data-id=\"eaa1ae4\" data-element_type=\"section\">\n\t\t\t\t\t\t<div class=\"elementor-container elementor-column-gap-default\">\n\t\t\t\t\t<div class=\"elementor-column elementor-col-100 elementor-top-column elementor-element elementor-element-7ae9424\" data-id=\"7ae9424\" data-element_type=\"column\">\n\t\t\t<div class=\"elementor-widget-wrap elementor-element-populated\">\n\t\t\t\t\t\t\t\t<div class=\"elementor-element elementor-element-a16d775 elementor-widget elementor-widget-image\" data-id=\"a16d775\" data-element_type=\"widget\" data-widget_type=\"image.default\">\n\t\t\t\t<div class=\"elementor-widget-container\">\n\t\t\t\t\t\t\t\t\t\t\t\t\t\t\t\t<a href=\"#dang-ky\">\n\t\t\t\t\t\t\t<img decoding=\"async\" width=\"1920\" height=\"800\" src=\"https:\/\/soulandskills.vn\/wp-content\/uploads\/2026\/01\/z7444959344182_4edfb9123a835dfa4c26c097b364a94e.jpg\" class=\"attachment-full size-full wp-image-4270\" alt=\"\" srcset=\"https:\/\/soulandskills.vn\/wp-content\/uploads\/2026\/01\/z7444959344182_4edfb9123a835dfa4c26c097b364a94e.jpg 1920w, https:\/\/soulandskills.vn\/wp-content\/uploads\/2026\/01\/z7444959344182_4edfb9123a835dfa4c26c097b364a94e-300x125.jpg 300w, https:\/\/soulandskills.vn\/wp-content\/uploads\/2026\/01\/z7444959344182_4edfb9123a835dfa4c26c097b364a94e-1024x427.jpg 1024w, https:\/\/soulandskills.vn\/wp-content\/uploads\/2026\/01\/z7444959344182_4edfb9123a835dfa4c26c097b364a94e-768x320.jpg 768w, https:\/\/soulandskills.vn\/wp-content\/uploads\/2026\/01\/z7444959344182_4edfb9123a835dfa4c26c097b364a94e-1536x640.jpg 1536w, https:\/\/soulandskills.vn\/wp-content\/uploads\/2026\/01\/z7444959344182_4edfb9123a835dfa4c26c097b364a94e-18x8.jpg 18w\" sizes=\"(max-width: 1920px) 100vw, 1920px\" \/>\t\t\t\t\t\t\t\t<\/a>\n\t\t\t\t\t\t\t\t\t\t\t\t\t\t\t<\/div>\n\t\t\t\t<\/div>\n\t\t\t\t\t<\/div>\n\t\t<\/div>\n\t\t\t\t\t\t\t<\/div>\n\t\t<\/section>\n\t\t\t\t<section class=\"elementor-section elementor-top-section elementor-element elementor-element-4517f3e elementor-section-boxed elementor-section-height-default elementor-section-height-default\" data-id=\"4517f3e\" data-element_type=\"section\" id=\"dang-ky\" data-settings=\"{&quot;background_background&quot;:&quot;classic&quot;}\">\n\t\t\t\t\t\t<div class=\"elementor-container elementor-column-gap-default\">\n\t\t\t\t\t<div class=\"elementor-column elementor-col-50 elementor-top-column elementor-element elementor-element-e7183cc\" data-id=\"e7183cc\" data-element_type=\"column\">\n\t\t\t<div class=\"elementor-widget-wrap elementor-element-populated\">\n\t\t\t\t\t\t\t\t<div class=\"elementor-element elementor-element-f25de6a elementor-widget elementor-widget-heading\" data-id=\"f25de6a\" data-element_type=\"widget\" data-widget_type=\"heading.default\">\n\t\t\t\t<div class=\"elementor-widget-container\">\n\t\t\t<style>\/*! elementor - v3.9.1 - 14-12-2022 *\/\n.elementor-heading-title{padding:0;margin:0;line-height:1}.elementor-widget-heading .elementor-heading-title[class*=elementor-size-]>a{color:inherit;font-size:inherit;line-height:inherit}.elementor-widget-heading .elementor-heading-title.elementor-size-small{font-size:15px}.elementor-widget-heading .elementor-heading-title.elementor-size-medium{font-size:19px}.elementor-widget-heading .elementor-heading-title.elementor-size-large{font-size:29px}.elementor-widget-heading .elementor-heading-title.elementor-size-xl{font-size:39px}.elementor-widget-heading .elementor-heading-title.elementor-size-xxl{font-size:59px}<\/style><h2 class=\"elementor-heading-title elementor-size-default\"> \u1ee8NG D\u1ee4NG AI TRONG GI\u1ea2NG D\u1ea0Y \n<\/h2>\t\t<\/div>\n\t\t\t\t<\/div>\n\t\t\t\t<div class=\"elementor-element elementor-element-7ca06ed elementor-widget elementor-widget-heading\" data-id=\"7ca06ed\" data-element_type=\"widget\" data-widget_type=\"heading.default\">\n\t\t\t\t<div class=\"elementor-widget-container\">\n\t\t\t<h1 class=\"elementor-heading-title elementor-size-default\">D\u1ea0Y NH\u00c0N \u2013 H\u1eccC CH\u1ea4T \nC\u00d9NG TR\u1ee2 L\u00dd AI<\/h1>\t\t<\/div>\n\t\t\t\t<\/div>\n\t\t\t\t<section class=\"elementor-section elementor-inner-section elementor-element elementor-element-7ce2732 elementor-section-boxed elementor-section-height-default elementor-section-height-default\" data-id=\"7ce2732\" data-element_type=\"section\">\n\t\t\t\t\t\t<div class=\"elementor-container elementor-column-gap-default\">\n\t\t\t\t\t<div class=\"elementor-column elementor-col-100 elementor-inner-column elementor-element elementor-element-3d466e6\" data-id=\"3d466e6\" data-element_type=\"column\">\n\t\t\t<div class=\"elementor-widget-wrap elementor-element-populated\">\n\t\t\t\t\t\t\t\t<div class=\"elementor-element elementor-element-dcab813 elementor-position-left elementor-vertical-align-middle elementor-widget elementor-widget-image-box\" data-id=\"dcab813\" data-element_type=\"widget\" data-widget_type=\"image-box.default\">\n\t\t\t\t<div class=\"elementor-widget-container\">\n\t\t\t<style>\/*! elementor - v3.9.1 - 14-12-2022 *\/\n.elementor-widget-image-box .elementor-image-box-content{width:100%}@media (min-width:768px){.elementor-widget-image-box.elementor-position-left .elementor-image-box-wrapper,.elementor-widget-image-box.elementor-position-right .elementor-image-box-wrapper{display:flex}.elementor-widget-image-box.elementor-position-right .elementor-image-box-wrapper{text-align:right;flex-direction:row-reverse}.elementor-widget-image-box.elementor-position-left .elementor-image-box-wrapper{text-align:left;flex-direction:row}.elementor-widget-image-box.elementor-position-top .elementor-image-box-img{margin:auto}.elementor-widget-image-box.elementor-vertical-align-top .elementor-image-box-wrapper{align-items:flex-start}.elementor-widget-image-box.elementor-vertical-align-middle .elementor-image-box-wrapper{align-items:center}.elementor-widget-image-box.elementor-vertical-align-bottom .elementor-image-box-wrapper{align-items:flex-end}}@media (max-width:767px){.elementor-widget-image-box .elementor-image-box-img{margin-left:auto!important;margin-right:auto!important;margin-bottom:15px}}.elementor-widget-image-box .elementor-image-box-img{display:inline-block}.elementor-widget-image-box .elementor-image-box-title a{color:inherit}.elementor-widget-image-box .elementor-image-box-wrapper{text-align:center}.elementor-widget-image-box .elementor-image-box-description{margin:0}<\/style><div class=\"elementor-image-box-wrapper\"><figure class=\"elementor-image-box-img\"><img decoding=\"async\" src=\"https:\/\/soulandskills.vn\/wp-content\/uploads\/elementor\/thumbs\/colorfilter-2-r1bxphz8201gv2b3onr0fieg46ysp12r7l9axgo9sg.png\" title=\"colorfilter-2.png\" alt=\"colorfilter-2.png\" \/><\/figure><div class=\"elementor-image-box-content\"><div class=\"elementor-image-box-title\">Th\u1eddi gian: 08:30 \u2013 11:30 <\/div><\/div><\/div>\t\t<\/div>\n\t\t\t\t<\/div>\n\t\t\t\t\t<\/div>\n\t\t<\/div>\n\t\t\t\t\t\t\t<\/div>\n\t\t<\/section>\n\t\t\t\t<section class=\"elementor-section elementor-inner-section elementor-element elementor-element-0a34ab0 elementor-section-boxed elementor-section-height-default elementor-section-height-default\" data-id=\"0a34ab0\" data-element_type=\"section\">\n\t\t\t\t\t\t<div class=\"elementor-container elementor-column-gap-default\">\n\t\t\t\t\t<div class=\"elementor-column elementor-col-100 elementor-inner-column elementor-element elementor-element-0d0fd8f\" data-id=\"0d0fd8f\" data-element_type=\"column\">\n\t\t\t<div class=\"elementor-widget-wrap elementor-element-populated\">\n\t\t\t\t\t\t\t\t<div class=\"elementor-element elementor-element-513c8ba elementor-position-left elementor-vertical-align-middle elementor-widget elementor-widget-image-box\" data-id=\"513c8ba\" data-element_type=\"widget\" data-widget_type=\"image-box.default\">\n\t\t\t\t<div class=\"elementor-widget-container\">\n\t\t\t<div class=\"elementor-image-box-wrapper\"><figure class=\"elementor-image-box-img\"><img decoding=\"async\" src=\"https:\/\/soulandskills.vn\/wp-content\/uploads\/elementor\/thumbs\/colorfilter-2-r1bxphz8201gv2b3onr0fieg46ysp12r7l9axgo9sg.png\" title=\"colorfilter-2.png\" alt=\"colorfilter-2.png\" \/><\/figure><div class=\"elementor-image-box-content\"><div class=\"elementor-image-box-title\">Ng\u00e0y: 31\/01\/2026 <\/div><\/div><\/div>\t\t<\/div>\n\t\t\t\t<\/div>\n\t\t\t\t\t<\/div>\n\t\t<\/div>\n\t\t\t\t\t\t\t<\/div>\n\t\t<\/section>\n\t\t\t\t<section class=\"elementor-section elementor-inner-section elementor-element elementor-element-093231f elementor-section-boxed elementor-section-height-default elementor-section-height-default\" data-id=\"093231f\" data-element_type=\"section\">\n\t\t\t\t\t\t<div class=\"elementor-container elementor-column-gap-default\">\n\t\t\t\t\t<div class=\"elementor-column elementor-col-100 elementor-inner-column elementor-element elementor-element-32f09d6\" data-id=\"32f09d6\" data-element_type=\"column\">\n\t\t\t<div class=\"elementor-widget-wrap elementor-element-populated\">\n\t\t\t\t\t\t\t\t<div class=\"elementor-element elementor-element-b073ccd elementor-position-left elementor-vertical-align-middle elementor-widget elementor-widget-image-box\" data-id=\"b073ccd\" data-element_type=\"widget\" data-widget_type=\"image-box.default\">\n\t\t\t\t<div class=\"elementor-widget-container\">\n\t\t\t<div class=\"elementor-image-box-wrapper\"><figure class=\"elementor-image-box-img\"><img decoding=\"async\" src=\"https:\/\/soulandskills.vn\/wp-content\/uploads\/elementor\/thumbs\/colorfilter-2-r1bxphz8201gv2b3onr0fieg46ysp12r7l9axgo9sg.png\" title=\"colorfilter-2.png\" alt=\"colorfilter-2.png\" \/><\/figure><div class=\"elementor-image-box-content\"><div class=\"elementor-image-box-title\">H\u00ecnh th\u1ee9c: Online qua Zoom\u200b<\/div><\/div><\/div>\t\t<\/div>\n\t\t\t\t<\/div>\n\t\t\t\t\t<\/div>\n\t\t<\/div>\n\t\t\t\t\t\t\t<\/div>\n\t\t<\/section>\n\t\t\t\t<div class=\"elementor-element elementor-element-863d3d4 elementor-widget elementor-widget-heading\" data-id=\"863d3d4\" data-element_type=\"widget\" data-widget_type=\"heading.default\">\n\t\t\t\t<div class=\"elementor-widget-container\">\n\t\t\t<h3 class=\"elementor-heading-title elementor-size-default\">N\u1ed9i dung ch\u01b0\u01a1ng tr\u00ecnh:<\/h3>\t\t<\/div>\n\t\t\t\t<\/div>\n\t\t\t\t<div class=\"elementor-element elementor-element-fc3bcc5 elementor-icon-list--layout-traditional elementor-list-item-link-full_width elementor-widget elementor-widget-icon-list\" data-id=\"fc3bcc5\" data-element_type=\"widget\" data-widget_type=\"icon-list.default\">\n\t\t\t\t<div class=\"elementor-widget-container\">\n\t\t\t<link rel=\"stylesheet\" href=\"https:\/\/soulandskills.vn\/wp-content\/plugins\/elementor\/assets\/css\/widget-icon-list.min.css\">\t\t<ul class=\"elementor-icon-list-items\">\n\t\t\t\t\t\t\t<li class=\"elementor-icon-list-item\">\n\t\t\t\t\t\t\t\t\t\t\t<span class=\"elementor-icon-list-icon\">\n\t\t\t\t\t\t\t<i aria-hidden=\"true\" class=\"fas fa-check\"><\/i>\t\t\t\t\t\t<\/span>\n\t\t\t\t\t\t\t\t\t\t<span class=\"elementor-icon-list-text\">T\u00f3m t\u1eaft t\u00e0i li\u1ec7u, c\u00f4ng v\u0103n 30s<\/span>\n\t\t\t\t\t\t\t\t\t<\/li>\n\t\t\t\t\t\t\t\t<li class=\"elementor-icon-list-item\">\n\t\t\t\t\t\t\t\t\t\t\t<span class=\"elementor-icon-list-icon\">\n\t\t\t\t\t\t\t<i aria-hidden=\"true\" class=\"fas fa-check\"><\/i>\t\t\t\t\t\t<\/span>\n\t\t\t\t\t\t\t\t\t\t<span class=\"elementor-icon-list-text\">So\u1ea1n gi\u00e1o \u00e1n & Ng\u00e2n h\u00e0ng c\u00e2u h\u1ecfi<\/span>\n\t\t\t\t\t\t\t\t\t<\/li>\n\t\t\t\t\t\t\t\t<li class=\"elementor-icon-list-item\">\n\t\t\t\t\t\t\t\t\t\t\t<span class=\"elementor-icon-list-icon\">\n\t\t\t\t\t\t\t<i aria-hidden=\"true\" class=\"fas fa-check\"><\/i>\t\t\t\t\t\t<\/span>\n\t\t\t\t\t\t\t\t\t\t<span class=\"elementor-icon-list-text\">S\u00e1ng t\u1ea1o Podcast, Video, Slide<\/span>\n\t\t\t\t\t\t\t\t\t<\/li>\n\t\t\t\t\t\t\t\t<li class=\"elementor-icon-list-item\">\n\t\t\t\t\t\t\t\t\t\t\t<span class=\"elementor-icon-list-icon\">\n\t\t\t\t\t\t\t<i aria-hidden=\"true\" class=\"fas fa-check\"><\/i>\t\t\t\t\t\t<\/span>\n\t\t\t\t\t\t\t\t\t\t<span class=\"elementor-icon-list-text\">Thi\u1ebft k\u1ebf Infographic & Phi\u1ebfu h\u1ecdc t\u1eadp<\/span>\n\t\t\t\t\t\t\t\t\t<\/li>\n\t\t\t\t\t\t\t\t<li class=\"elementor-icon-list-item\">\n\t\t\t\t\t\t\t\t\t\t\t<span class=\"elementor-icon-list-icon\">\n\t\t\t\t\t\t\t<i aria-hidden=\"true\" class=\"fas fa-check\"><\/i>\t\t\t\t\t\t<\/span>\n\t\t\t\t\t\t\t\t\t\t<span class=\"elementor-icon-list-text\">H\u1ec7 th\u1ed1ng h\u00f3a: Flashcards, Mindmap<\/span>\n\t\t\t\t\t\t\t\t\t<\/li>\n\t\t\t\t\t\t\t\t<li class=\"elementor-icon-list-item\">\n\t\t\t\t\t\t\t\t\t\t\t<span class=\"elementor-icon-list-icon\">\n\t\t\t\t\t\t\t<i aria-hidden=\"true\" class=\"fas fa-check\"><\/i>\t\t\t\t\t\t<\/span>\n\t\t\t\t\t\t\t\t\t\t<span class=\"elementor-icon-list-text\">Ch\u1ea5m b\u00e0i & Nh\u1eadn x\u00e9t t\u1ef1 \u0111\u1ed9ng<\/span>\n\t\t\t\t\t\t\t\t\t<\/li>\n\t\t\t\t\t\t<\/ul>\n\t\t\t\t<\/div>\n\t\t\t\t<\/div>\n\t\t\t\t<div class=\"elementor-element elementor-element-e770e6d elementor-position-left elementor-vertical-align-top elementor-widget elementor-widget-image-box\" data-id=\"e770e6d\" data-element_type=\"widget\" data-widget_type=\"image-box.default\">\n\t\t\t\t<div class=\"elementor-widget-container\">\n\t\t\t<div class=\"elementor-image-box-wrapper\"><figure class=\"elementor-image-box-img\"><a href=\"tel:028 6270 4880\"><img decoding=\"async\" src=\"https:\/\/soulandskills.vn\/wp-content\/uploads\/elementor\/thumbs\/Group-73-r1bxph1dv606jgcgu5cdv0mzit3fhbz0vgltg6pnyo.png\" title=\"Group-73.png\" alt=\"Group-73.png\" \/><\/a><\/figure><div class=\"elementor-image-box-content\"><div class=\"elementor-image-box-title\"><a href=\"tel:028 6270 4880\">Hotline<\/a><\/div><p class=\"elementor-image-box-description\">028 6270 4880\n<\/p><\/div><\/div>\t\t<\/div>\n\t\t\t\t<\/div>\n\t\t\t\t\t<\/div>\n\t\t<\/div>\n\t\t\t\t<div class=\"elementor-column elementor-col-50 elementor-top-column elementor-element elementor-element-f82bdf0\" data-id=\"f82bdf0\" data-element_type=\"column\">\n\t\t\t<div class=\"elementor-widget-wrap elementor-element-populated\">\n\t\t\t\t\t\t\t\t<div class=\"elementor-element elementor-element-6d39ea9 elementor-widget elementor-widget-html\" data-id=\"6d39ea9\" data-element_type=\"widget\" data-widget_type=\"html.default\">\n\t\t\t\t<div class=\"elementor-widget-container\">\n\t\t\t<style>\n    \n    \n    .b24-form-btn {\n    background-color: #bf3d36 !important;\n}\n.b24-form-header-title{\n    font-size: 22px;\n    line-height: 33px;\n    font-weight: bold;\n}\n\n .b24-form-sign {\n        display: none;\n    }\n\n<\/style>\n<script data-b24-form=\"inline\/129\/zj0e2w\" data-skip-moving=\"true\">\n(function(w,d,u){\nvar s=d.createElement('script');s.async=true;s.src=u+'?'+(Date.now()\/180000|0);\nvar h=d.getElementsByTagName('script')[0];h.parentNode.insertBefore(s,h);\n})(window,document,'https:\/\/cdn.bitrix24.vn\/b35646573\/crm\/form\/loader_129.js');\n<\/script>\t\t<\/div>\n\t\t\t\t<\/div>\n\t\t\t\t\t<\/div>\n\t\t<\/div>\n\t\t\t\t\t\t\t<\/div>\n\t\t<\/section>\n\t\t\t\t\t\t\t<\/div>","protected":false},"excerpt":{"rendered":"<p>\u1ee8NG D\u1ee4NG AI TRONG GI\u1ea2NG D\u1ea0Y D\u1ea0Y NH\u00c0N \u2013 H\u1eccC CH\u1ea4T C\u00d9NG TR\u1ee2 L\u00dd AI Th\u1eddi gian: 08:30 \u2013 11:30 Ng\u00e0y: 31\/01\/2026 H\u00ecnh th\u1ee9c: Online qua Zoom\u200b N\u1ed9i dung ch\u01b0\u01a1ng tr\u00ecnh: T\u00f3m t\u1eaft t\u00e0i li\u1ec7u, c\u00f4ng v\u0103n 30s So\u1ea1n gi\u00e1o \u00e1n &#038; Ng\u00e2n h\u00e0ng c\u00e2u h\u1ecfi S\u00e1ng t\u1ea1o Podcast, Video, Slide Thi\u1ebft k\u1ebf Infographic &#038; &hellip;<\/p>\n<p class=\"read-more\"> <a class=\"\" href=\"https:\/\/soulandskills.vn\/en\/ung-dung-tro-ly-ai-trong-giang-day\/\"> <span class=\"screen-reader-text\">\u1ee8ng d\u1ee5ng tr\u1ee3 l\u00fd AI trong gi\u1ea3ng d\u1ea1y<\/span> Read More &raquo;<\/a><\/p>","protected":false},"author":484,"featured_media":0,"parent":0,"menu_order":0,"comment_status":"closed","ping_status":"closed","template":"","meta":{"site-sidebar-layout":"no-sidebar","site-content-layout":"page-builder","ast-global-header-display":"","ast-main-header-display":"","ast-hfb-above-header-display":"","ast-hfb-below-header-display":"","ast-hfb-mobile-header-display":"","site-post-title":"disabled","ast-breadcrumbs-content":"","ast-featured-img":"disabled","footer-sml-layout":"","theme-transparent-header-meta":"","adv-header-id-meta":"","stick-header-meta":"","header-above-stick-meta":"","header-main-stick-meta":"","header-below-stick-meta":"","footnotes":""},"class_list":["post-4220","page","type-page","status-publish","hentry"],"yoast_head":"<!-- This site is optimized with the Yoast SEO plugin v19.11 - https:\/\/yoast.com\/wordpress\/plugins\/seo\/ -->\n<title>\u1ee8ng d\u1ee5ng tr\u1ee3 l\u00fd AI trong gi\u1ea3ng d\u1ea1y - Soul and Skills<\/title>\n<meta name=\"robots\" content=\"index, follow, max-snippet:-1, max-image-preview:large, max-video-preview:-1\" \/>\n<link rel=\"canonical\" href=\"https:\/\/soulandskills.vn\/en\/ung-dung-tro-ly-ai-trong-giang-day\/\" \/>\n<meta property=\"og:locale\" content=\"en_US\" \/>\n<meta property=\"og:type\" content=\"article\" \/>\n<meta property=\"og:title\" content=\"\u1ee8ng d\u1ee5ng tr\u1ee3 l\u00fd AI trong gi\u1ea3ng d\u1ea1y - Soul and Skills\" \/>\n<meta property=\"og:description\" content=\"\u1ee8NG D\u1ee4NG AI TRONG GI\u1ea2NG D\u1ea0Y D\u1ea0Y NH\u00c0N \u2013 H\u1eccC CH\u1ea4T C\u00d9NG TR\u1ee2 L\u00dd AI Th\u1eddi gian: 08:30 \u2013 11:30 Ng\u00e0y: 31\/01\/2026 H\u00ecnh th\u1ee9c: Online qua Zoom\u200b N\u1ed9i dung ch\u01b0\u01a1ng tr\u00ecnh: T\u00f3m t\u1eaft t\u00e0i li\u1ec7u, c\u00f4ng v\u0103n 30s So\u1ea1n gi\u00e1o \u00e1n &#038; Ng\u00e2n h\u00e0ng c\u00e2u h\u1ecfi S\u00e1ng t\u1ea1o Podcast, Video, Slide Thi\u1ebft k\u1ebf Infographic &#038; &hellip; \u1ee8ng d\u1ee5ng tr\u1ee3 l\u00fd AI trong gi\u1ea3ng d\u1ea1y Read More &raquo;\" \/>\n<meta property=\"og:url\" content=\"https:\/\/soulandskills.vn\/en\/ung-dung-tro-ly-ai-trong-giang-day\/\" \/>\n<meta property=\"og:site_name\" content=\"Soul and Skills\" \/>\n<meta property=\"article:modified_time\" content=\"2026-01-19T03:44:16+00:00\" \/>\n<meta property=\"og:image\" content=\"https:\/\/soulandskills.vn\/wp-content\/uploads\/2026\/01\/1-scaled.jpg\" \/>\n<meta name=\"twitter:card\" content=\"summary_large_image\" \/>\n<meta name=\"twitter:label1\" content=\"Est. reading time\" \/>\n\t<meta name=\"twitter:data1\" content=\"3 minutes\" \/>\n<script type=\"application\/ld+json\" class=\"yoast-schema-graph\">{\"@context\":\"https:\/\/schema.org\",\"@graph\":[{\"@type\":\"WebPage\",\"@id\":\"https:\/\/soulandskills.vn\/ung-dung-tro-ly-ai-trong-giang-day\/\",\"url\":\"https:\/\/soulandskills.vn\/ung-dung-tro-ly-ai-trong-giang-day\/\",\"name\":\"\u1ee8ng d\u1ee5ng tr\u1ee3 l\u00fd AI trong gi\u1ea3ng d\u1ea1y - Soul and Skills\",\"isPartOf\":{\"@id\":\"https:\/\/soulandskills.vn\/#website\"},\"datePublished\":\"2026-01-16T03:48:46+00:00\",\"dateModified\":\"2026-01-19T03:44:16+00:00\",\"breadcrumb\":{\"@id\":\"https:\/\/soulandskills.vn\/ung-dung-tro-ly-ai-trong-giang-day\/#breadcrumb\"},\"inLanguage\":\"en-US\",\"potentialAction\":[{\"@type\":\"ReadAction\",\"target\":[\"https:\/\/soulandskills.vn\/ung-dung-tro-ly-ai-trong-giang-day\/\"]}]},{\"@type\":\"BreadcrumbList\",\"@id\":\"https:\/\/soulandskills.vn\/ung-dung-tro-ly-ai-trong-giang-day\/#breadcrumb\",\"itemListElement\":[{\"@type\":\"ListItem\",\"position\":1,\"name\":\"Home\",\"item\":\"https:\/\/soulandskills.vn\/\"},{\"@type\":\"ListItem\",\"position\":2,\"name\":\"\u1ee8ng d\u1ee5ng tr\u1ee3 l\u00fd AI trong gi\u1ea3ng d\u1ea1y\"}]},{\"@type\":\"WebSite\",\"@id\":\"https:\/\/soulandskills.vn\/#website\",\"url\":\"https:\/\/soulandskills.vn\/\",\"name\":\"Soul and Skills\",\"description\":\"\",\"potentialAction\":[{\"@type\":\"SearchAction\",\"target\":{\"@type\":\"EntryPoint\",\"urlTemplate\":\"https:\/\/soulandskills.vn\/?s={search_term_string}\"},\"query-input\":\"required name=search_term_string\"}],\"inLanguage\":\"en-US\"}]}<\/script>\n<!-- \/ Yoast SEO plugin. -->","yoast_head_json":{"title":"\u1ee8ng d\u1ee5ng tr\u1ee3 l\u00fd AI trong gi\u1ea3ng d\u1ea1y - Soul and Skills","robots":{"index":"index","follow":"follow","max-snippet":"max-snippet:-1","max-image-preview":"max-image-preview:large","max-video-preview":"max-video-preview:-1"},"canonical":"https:\/\/soulandskills.vn\/en\/ung-dung-tro-ly-ai-trong-giang-day\/","og_locale":"en_US","og_type":"article","og_title":"\u1ee8ng d\u1ee5ng tr\u1ee3 l\u00fd AI trong gi\u1ea3ng d\u1ea1y - Soul and Skills","og_description":"\u1ee8NG D\u1ee4NG AI TRONG GI\u1ea2NG D\u1ea0Y D\u1ea0Y NH\u00c0N \u2013 H\u1eccC CH\u1ea4T C\u00d9NG TR\u1ee2 L\u00dd AI Th\u1eddi gian: 08:30 \u2013 11:30 Ng\u00e0y: 31\/01\/2026 H\u00ecnh th\u1ee9c: Online qua Zoom\u200b N\u1ed9i dung ch\u01b0\u01a1ng tr\u00ecnh: T\u00f3m t\u1eaft t\u00e0i li\u1ec7u, c\u00f4ng v\u0103n 30s So\u1ea1n gi\u00e1o \u00e1n &#038; Ng\u00e2n h\u00e0ng c\u00e2u h\u1ecfi S\u00e1ng t\u1ea1o Podcast, Video, Slide Thi\u1ebft k\u1ebf Infographic &#038; &hellip; \u1ee8ng d\u1ee5ng tr\u1ee3 l\u00fd AI trong gi\u1ea3ng d\u1ea1y Read More &raquo;","og_url":"https:\/\/soulandskills.vn\/en\/ung-dung-tro-ly-ai-trong-giang-day\/","og_site_name":"Soul and Skills","article_modified_time":"2026-01-19T03:44:16+00:00","og_image":[{"url":"https:\/\/soulandskills.vn\/wp-content\/uploads\/2026\/01\/1-scaled.jpg"}],"twitter_card":"summary_large_image","twitter_misc":{"Est. reading time":"3 minutes"},"schema":{"@context":"https:\/\/schema.org","@graph":[{"@type":"WebPage","@id":"https:\/\/soulandskills.vn\/ung-dung-tro-ly-ai-trong-giang-day\/","url":"https:\/\/soulandskills.vn\/ung-dung-tro-ly-ai-trong-giang-day\/","name":"\u1ee8ng d\u1ee5ng tr\u1ee3 l\u00fd AI trong gi\u1ea3ng d\u1ea1y - Soul and Skills","isPartOf":{"@id":"https:\/\/soulandskills.vn\/#website"},"datePublished":"2026-01-16T03:48:46+00:00","dateModified":"2026-01-19T03:44:16+00:00","breadcrumb":{"@id":"https:\/\/soulandskills.vn\/ung-dung-tro-ly-ai-trong-giang-day\/#breadcrumb"},"inLanguage":"en-US","potentialAction":[{"@type":"ReadAction","target":["https:\/\/soulandskills.vn\/ung-dung-tro-ly-ai-trong-giang-day\/"]}]},{"@type":"BreadcrumbList","@id":"https:\/\/soulandskills.vn\/ung-dung-tro-ly-ai-trong-giang-day\/#breadcrumb","itemListElement":[{"@type":"ListItem","position":1,"name":"Home","item":"https:\/\/soulandskills.vn\/"},{"@type":"ListItem","position":2,"name":"\u1ee8ng d\u1ee5ng tr\u1ee3 l\u00fd AI trong gi\u1ea3ng d\u1ea1y"}]},{"@type":"WebSite","@id":"https:\/\/soulandskills.vn\/#website","url":"https:\/\/soulandskills.vn\/","name":"Soul and Skills","description":"","potentialAction":[{"@type":"SearchAction","target":{"@type":"EntryPoint","urlTemplate":"https:\/\/soulandskills.vn\/?s={search_term_string}"},"query-input":"required name=search_term_string"}],"inLanguage":"en-US"}]}},"_links":{"self":[{"href":"https:\/\/soulandskills.vn\/en\/wp-json\/wp\/v2\/pages\/4220","targetHints":{"allow":["GET"]}}],"collection":[{"href":"https:\/\/soulandskills.vn\/en\/wp-json\/wp\/v2\/pages"}],"about":[{"href":"https:\/\/soulandskills.vn\/en\/wp-json\/wp\/v2\/types\/page"}],"author":[{"embeddable":true,"href":"https:\/\/soulandskills.vn\/en\/wp-json\/wp\/v2\/users\/484"}],"replies":[{"embeddable":true,"href":"https:\/\/soulandskills.vn\/en\/wp-json\/wp\/v2\/comments?post=4220"}],"version-history":[{"count":26,"href":"https:\/\/soulandskills.vn\/en\/wp-json\/wp\/v2\/pages\/4220\/revisions"}],"predecessor-version":[{"id":4273,"href":"https:\/\/soulandskills.vn\/en\/wp-json\/wp\/v2\/pages\/4220\/revisions\/4273"}],"wp:attachment":[{"href":"https:\/\/soulandskills.vn\/en\/wp-json\/wp\/v2\/media?parent=4220"}],"curies":[{"name":"wp","href":"https:\/\/api.w.org\/{rel}","templated":true}]}}