{"id":4690,"date":"2026-04-07T15:59:00","date_gmt":"2026-04-07T08:59:00","guid":{"rendered":"https:\/\/soulandskills.vn\/?page_id=4690"},"modified":"2026-04-08T13:12:59","modified_gmt":"2026-04-08T06:12:59","slug":"ket-noi-cung-education-planning","status":"publish","type":"page","link":"https:\/\/soulandskills.vn\/en\/ket-noi-cung-education-planning\/","title":{"rendered":"K\u1ebft n\u1ed1i t\u00e2m huy\u1ebft c\u00f9ng Education Planning"},"content":{"rendered":"<div data-elementor-type=\"wp-page\" data-elementor-id=\"4690\" class=\"elementor elementor-4690\">\n\t\t\t\t\t\t\t\t\t<section class=\"elementor-section elementor-top-section elementor-element elementor-element-d17ffd2 elementor-section-boxed elementor-section-height-default elementor-section-height-default\" data-id=\"d17ffd2\" data-element_type=\"section\" data-settings=\"{&quot;background_background&quot;:&quot;classic&quot;}\">\n\t\t\t\t\t\t<div class=\"elementor-container elementor-column-gap-default\">\n\t\t\t\t\t<div class=\"elementor-column elementor-col-50 elementor-top-column elementor-element elementor-element-0ddb05a\" data-id=\"0ddb05a\" data-element_type=\"column\">\n\t\t\t<div class=\"elementor-widget-wrap elementor-element-populated\">\n\t\t\t\t\t\t\t\t<div class=\"elementor-element elementor-element-9954513 elementor-widget elementor-widget-heading\" data-id=\"9954513\" data-element_type=\"widget\" data-widget_type=\"heading.default\">\n\t\t\t\t<div class=\"elementor-widget-container\">\n\t\t\t<style>\/*! elementor - v3.9.1 - 14-12-2022 *\/\n.elementor-heading-title{padding:0;margin:0;line-height:1}.elementor-widget-heading .elementor-heading-title[class*=elementor-size-]>a{color:inherit;font-size:inherit;line-height:inherit}.elementor-widget-heading .elementor-heading-title.elementor-size-small{font-size:15px}.elementor-widget-heading .elementor-heading-title.elementor-size-medium{font-size:19px}.elementor-widget-heading .elementor-heading-title.elementor-size-large{font-size:29px}.elementor-widget-heading .elementor-heading-title.elementor-size-xl{font-size:39px}.elementor-widget-heading .elementor-heading-title.elementor-size-xxl{font-size:59px}<\/style><div class=\"elementor-heading-title elementor-size-small\">K\u1ebeT N\u1ed0I T\u00c2M HUY\u1ebeT C\u00d9NG EDUCATION PLANNING\n<\/div>\t\t<\/div>\n\t\t\t\t<\/div>\n\t\t\t\t<div class=\"elementor-element elementor-element-91e7b22 elementor-widget elementor-widget-heading\" data-id=\"91e7b22\" data-element_type=\"widget\" data-widget_type=\"heading.default\">\n\t\t\t\t<div class=\"elementor-widget-container\">\n\t\t\t<div class=\"elementor-heading-title elementor-size-default\">THAM GIA \u0110\u1ed8I NG\u0168 C\u1ed0 V\u1ea4N CHI\u1ebeN L\u01af\u1ee2C \u0110\u1ec2:<\/div>\t\t<\/div>\n\t\t\t\t<\/div>\n\t\t\t\t<div class=\"elementor-element elementor-element-162b81c elementor-widget elementor-widget-text-editor\" data-id=\"162b81c\" data-element_type=\"widget\" data-widget_type=\"text-editor.default\">\n\t\t\t\t<div class=\"elementor-widget-container\">\n\t\t\t<style>\/*! elementor - v3.9.1 - 14-12-2022 *\/\n.elementor-widget-text-editor.elementor-drop-cap-view-stacked .elementor-drop-cap{background-color:#818a91;color:#fff}.elementor-widget-text-editor.elementor-drop-cap-view-framed .elementor-drop-cap{color:#818a91;border:3px solid;background-color:transparent}.elementor-widget-text-editor:not(.elementor-drop-cap-view-default) .elementor-drop-cap{margin-top:8px}.elementor-widget-text-editor:not(.elementor-drop-cap-view-default) .elementor-drop-cap-letter{width:1em;height:1em}.elementor-widget-text-editor .elementor-drop-cap{float:left;text-align:center;line-height:1;font-size:50px}.elementor-widget-text-editor .elementor-drop-cap-letter{display:inline-block}<\/style>\t\t\t\t<ul><li>TH\u1ea4U HI\u1ec2U &amp; Gi\u1ea3i m\u00e3 b\u1ea3n s\u1eafc c\u00e1 nh\u00e2n.<\/li><li>\u0110\u1ed2NG H\u00c0NH t\u1eadn t\u00e2m tr\u00ean l\u1ed9 tr\u00ecnh tr\u01b0\u1edfng th\u00e0nh.<\/li><li>KI\u1ebeN T\u1ea0O t\u01b0\u01a1ng lai b\u1ec1n v\u1eefng.<\/li><li>TI\u1ebeP L\u1eecA \u0111am m\u00ea v\u00e0 lan t\u1ecfa tri th\u1ee9c gi\u00e1o d\u1ee5c.<\/li><li>M\u1ede RA C\u01a0 H\u1ed8I ngh\u1ec1 nghi\u1ec7p \u00fd ngh\u0129a.<\/li><\/ul>\t\t\t\t\t\t<\/div>\n\t\t\t\t<\/div>\n\t\t\t\t\t<\/div>\n\t\t<\/div>\n\t\t\t\t<div class=\"elementor-column elementor-col-50 elementor-top-column elementor-element elementor-element-17c46a8\" data-id=\"17c46a8\" data-element_type=\"column\">\n\t\t\t<div class=\"elementor-widget-wrap elementor-element-populated\">\n\t\t\t\t\t\t\t\t<div class=\"elementor-element elementor-element-c833956 elementor-widget elementor-widget-html\" data-id=\"c833956\" data-element_type=\"widget\" data-widget_type=\"html.default\">\n\t\t\t\t<div class=\"elementor-widget-container\">\n\t\t\t<style>\n    \n    \n    .b24-form-btn {\n    background-color: #bf3d36 !important;\n}\n.b24-form-header-title{\n    font-size: 20px;\n    line-height: 1.5;\n}\n\n.b24-form-sign {\n        display: none;\n    }\n<\/style>\n<script data-b24-form=\"inline\/171\/wdvoe0\" data-skip-moving=\"true\">(function(w,d,u){var s=d.createElement('script');s.async=true;s.src=u+'?'+(Date.now()\/180000|0);var h=d.getElementsByTagName('script')[0];h.parentNode.insertBefore(s,h);})(window,document,'https:\/\/cdn.bitrix24.vn\/b35646573\/crm\/form\/loader_171.js');<\/script>\n\t\t<\/div>\n\t\t\t\t<\/div>\n\t\t\t\t\t<\/div>\n\t\t<\/div>\n\t\t\t\t\t\t\t<\/div>\n\t\t<\/section>\n\t\t\t\t\t\t\t<\/div>","protected":false},"excerpt":{"rendered":"<p>K\u1ebeT N\u1ed0I T\u00c2M HUY\u1ebeT C\u00d9NG EDUCATION PLANNING THAM GIA \u0110\u1ed8I NG\u0168 C\u1ed0 V\u1ea4N CHI\u1ebeN L\u01af\u1ee2C \u0110\u1ec2: TH\u1ea4U HI\u1ec2U &amp; Gi\u1ea3i m\u00e3 b\u1ea3n s\u1eafc c\u00e1 nh\u00e2n. \u0110\u1ed2NG H\u00c0NH t\u1eadn t\u00e2m tr\u00ean l\u1ed9 tr\u00ecnh tr\u01b0\u1edfng th\u00e0nh. KI\u1ebeN T\u1ea0O t\u01b0\u01a1ng lai b\u1ec1n v\u1eefng. TI\u1ebeP L\u1eecA \u0111am m\u00ea v\u00e0 lan t\u1ecfa tri th\u1ee9c gi\u00e1o d\u1ee5c. M\u1ede RA C\u01a0 H\u1ed8I &hellip;<\/p>\n<p class=\"read-more\"> <a class=\"\" href=\"https:\/\/soulandskills.vn\/en\/ket-noi-cung-education-planning\/\"> <span class=\"screen-reader-text\">K\u1ebft n\u1ed1i t\u00e2m huy\u1ebft c\u00f9ng Education Planning<\/span> Read More &raquo;<\/a><\/p>","protected":false},"author":484,"featured_media":0,"parent":0,"menu_order":0,"comment_status":"closed","ping_status":"closed","template":"","meta":{"site-sidebar-layout":"no-sidebar","site-content-layout":"page-builder","ast-global-header-display":"","ast-main-header-display":"","ast-hfb-above-header-display":"","ast-hfb-below-header-display":"","ast-hfb-mobile-header-display":"","site-post-title":"disabled","ast-breadcrumbs-content":"","ast-featured-img":"disabled","footer-sml-layout":"","theme-transparent-header-meta":"default","adv-header-id-meta":"","stick-header-meta":"","header-above-stick-meta":"","header-main-stick-meta":"","header-below-stick-meta":"","footnotes":""},"class_list":["post-4690","page","type-page","status-publish","hentry"],"yoast_head":"<!-- This site is optimized with the Yoast SEO plugin v19.11 - https:\/\/yoast.com\/wordpress\/plugins\/seo\/ -->\n<title>K\u1ebft n\u1ed1i t\u00e2m huy\u1ebft c\u00f9ng Education Planning - Soul and Skills<\/title>\n<meta name=\"robots\" content=\"index, follow, max-snippet:-1, max-image-preview:large, max-video-preview:-1\" \/>\n<link rel=\"canonical\" href=\"https:\/\/soulandskills.vn\/en\/ket-noi-cung-education-planning\/\" \/>\n<meta property=\"og:locale\" content=\"en_US\" \/>\n<meta property=\"og:type\" content=\"article\" \/>\n<meta property=\"og:title\" content=\"K\u1ebft n\u1ed1i t\u00e2m huy\u1ebft c\u00f9ng Education Planning - Soul and Skills\" \/>\n<meta property=\"og:description\" content=\"K\u1ebeT N\u1ed0I T\u00c2M HUY\u1ebeT C\u00d9NG EDUCATION PLANNING THAM GIA \u0110\u1ed8I NG\u0168 C\u1ed0 V\u1ea4N CHI\u1ebeN L\u01af\u1ee2C \u0110\u1ec2: TH\u1ea4U HI\u1ec2U &amp; Gi\u1ea3i m\u00e3 b\u1ea3n s\u1eafc c\u00e1 nh\u00e2n. \u0110\u1ed2NG H\u00c0NH t\u1eadn t\u00e2m tr\u00ean l\u1ed9 tr\u00ecnh tr\u01b0\u1edfng th\u00e0nh. KI\u1ebeN T\u1ea0O t\u01b0\u01a1ng lai b\u1ec1n v\u1eefng. TI\u1ebeP L\u1eecA \u0111am m\u00ea v\u00e0 lan t\u1ecfa tri th\u1ee9c gi\u00e1o d\u1ee5c. M\u1ede RA C\u01a0 H\u1ed8I &hellip; K\u1ebft n\u1ed1i t\u00e2m huy\u1ebft c\u00f9ng Education Planning Read More &raquo;\" \/>\n<meta property=\"og:url\" content=\"https:\/\/soulandskills.vn\/en\/ket-noi-cung-education-planning\/\" \/>\n<meta property=\"og:site_name\" content=\"Soul and Skills\" \/>\n<meta property=\"article:modified_time\" content=\"2026-04-08T06:12:59+00:00\" \/>\n<meta name=\"twitter:card\" content=\"summary_large_image\" \/>\n<meta name=\"twitter:label1\" content=\"Est. reading time\" \/>\n\t<meta name=\"twitter:data1\" content=\"1 minute\" \/>\n<script type=\"application\/ld+json\" class=\"yoast-schema-graph\">{\"@context\":\"https:\/\/schema.org\",\"@graph\":[{\"@type\":\"WebPage\",\"@id\":\"https:\/\/soulandskills.vn\/ket-noi-cung-education-planning\/\",\"url\":\"https:\/\/soulandskills.vn\/ket-noi-cung-education-planning\/\",\"name\":\"K\u1ebft n\u1ed1i t\u00e2m huy\u1ebft c\u00f9ng Education Planning - Soul and Skills\",\"isPartOf\":{\"@id\":\"https:\/\/soulandskills.vn\/#website\"},\"datePublished\":\"2026-04-07T08:59:00+00:00\",\"dateModified\":\"2026-04-08T06:12:59+00:00\",\"breadcrumb\":{\"@id\":\"https:\/\/soulandskills.vn\/ket-noi-cung-education-planning\/#breadcrumb\"},\"inLanguage\":\"en-US\",\"potentialAction\":[{\"@type\":\"ReadAction\",\"target\":[\"https:\/\/soulandskills.vn\/ket-noi-cung-education-planning\/\"]}]},{\"@type\":\"BreadcrumbList\",\"@id\":\"https:\/\/soulandskills.vn\/ket-noi-cung-education-planning\/#breadcrumb\",\"itemListElement\":[{\"@type\":\"ListItem\",\"position\":1,\"name\":\"Home\",\"item\":\"https:\/\/soulandskills.vn\/\"},{\"@type\":\"ListItem\",\"position\":2,\"name\":\"K\u1ebft n\u1ed1i t\u00e2m huy\u1ebft c\u00f9ng Education Planning\"}]},{\"@type\":\"WebSite\",\"@id\":\"https:\/\/soulandskills.vn\/#website\",\"url\":\"https:\/\/soulandskills.vn\/\",\"name\":\"Soul and Skills\",\"description\":\"\",\"potentialAction\":[{\"@type\":\"SearchAction\",\"target\":{\"@type\":\"EntryPoint\",\"urlTemplate\":\"https:\/\/soulandskills.vn\/?s={search_term_string}\"},\"query-input\":\"required name=search_term_string\"}],\"inLanguage\":\"en-US\"}]}<\/script>\n<!-- \/ Yoast SEO plugin. -->","yoast_head_json":{"title":"K\u1ebft n\u1ed1i t\u00e2m huy\u1ebft c\u00f9ng Education Planning - Soul and Skills","robots":{"index":"index","follow":"follow","max-snippet":"max-snippet:-1","max-image-preview":"max-image-preview:large","max-video-preview":"max-video-preview:-1"},"canonical":"https:\/\/soulandskills.vn\/en\/ket-noi-cung-education-planning\/","og_locale":"en_US","og_type":"article","og_title":"K\u1ebft n\u1ed1i t\u00e2m huy\u1ebft c\u00f9ng Education Planning - Soul and Skills","og_description":"K\u1ebeT N\u1ed0I T\u00c2M HUY\u1ebeT C\u00d9NG EDUCATION PLANNING THAM GIA \u0110\u1ed8I NG\u0168 C\u1ed0 V\u1ea4N CHI\u1ebeN L\u01af\u1ee2C \u0110\u1ec2: TH\u1ea4U HI\u1ec2U &amp; Gi\u1ea3i m\u00e3 b\u1ea3n s\u1eafc c\u00e1 nh\u00e2n. \u0110\u1ed2NG H\u00c0NH t\u1eadn t\u00e2m tr\u00ean l\u1ed9 tr\u00ecnh tr\u01b0\u1edfng th\u00e0nh. KI\u1ebeN T\u1ea0O t\u01b0\u01a1ng lai b\u1ec1n v\u1eefng. TI\u1ebeP L\u1eecA \u0111am m\u00ea v\u00e0 lan t\u1ecfa tri th\u1ee9c gi\u00e1o d\u1ee5c. M\u1ede RA C\u01a0 H\u1ed8I &hellip; K\u1ebft n\u1ed1i t\u00e2m huy\u1ebft c\u00f9ng Education Planning Read More &raquo;","og_url":"https:\/\/soulandskills.vn\/en\/ket-noi-cung-education-planning\/","og_site_name":"Soul and Skills","article_modified_time":"2026-04-08T06:12:59+00:00","twitter_card":"summary_large_image","twitter_misc":{"Est. reading time":"1 minute"},"schema":{"@context":"https:\/\/schema.org","@graph":[{"@type":"WebPage","@id":"https:\/\/soulandskills.vn\/ket-noi-cung-education-planning\/","url":"https:\/\/soulandskills.vn\/ket-noi-cung-education-planning\/","name":"K\u1ebft n\u1ed1i t\u00e2m huy\u1ebft c\u00f9ng Education Planning - Soul and Skills","isPartOf":{"@id":"https:\/\/soulandskills.vn\/#website"},"datePublished":"2026-04-07T08:59:00+00:00","dateModified":"2026-04-08T06:12:59+00:00","breadcrumb":{"@id":"https:\/\/soulandskills.vn\/ket-noi-cung-education-planning\/#breadcrumb"},"inLanguage":"en-US","potentialAction":[{"@type":"ReadAction","target":["https:\/\/soulandskills.vn\/ket-noi-cung-education-planning\/"]}]},{"@type":"BreadcrumbList","@id":"https:\/\/soulandskills.vn\/ket-noi-cung-education-planning\/#breadcrumb","itemListElement":[{"@type":"ListItem","position":1,"name":"Home","item":"https:\/\/soulandskills.vn\/"},{"@type":"ListItem","position":2,"name":"K\u1ebft n\u1ed1i t\u00e2m huy\u1ebft c\u00f9ng Education Planning"}]},{"@type":"WebSite","@id":"https:\/\/soulandskills.vn\/#website","url":"https:\/\/soulandskills.vn\/","name":"Soul and Skills","description":"","potentialAction":[{"@type":"SearchAction","target":{"@type":"EntryPoint","urlTemplate":"https:\/\/soulandskills.vn\/?s={search_term_string}"},"query-input":"required name=search_term_string"}],"inLanguage":"en-US"}]}},"_links":{"self":[{"href":"https:\/\/soulandskills.vn\/en\/wp-json\/wp\/v2\/pages\/4690","targetHints":{"allow":["GET"]}}],"collection":[{"href":"https:\/\/soulandskills.vn\/en\/wp-json\/wp\/v2\/pages"}],"about":[{"href":"https:\/\/soulandskills.vn\/en\/wp-json\/wp\/v2\/types\/page"}],"author":[{"embeddable":true,"href":"https:\/\/soulandskills.vn\/en\/wp-json\/wp\/v2\/users\/484"}],"replies":[{"embeddable":true,"href":"https:\/\/soulandskills.vn\/en\/wp-json\/wp\/v2\/comments?post=4690"}],"version-history":[{"count":41,"href":"https:\/\/soulandskills.vn\/en\/wp-json\/wp\/v2\/pages\/4690\/revisions"}],"predecessor-version":[{"id":4770,"href":"https:\/\/soulandskills.vn\/en\/wp-json\/wp\/v2\/pages\/4690\/revisions\/4770"}],"wp:attachment":[{"href":"https:\/\/soulandskills.vn\/en\/wp-json\/wp\/v2\/media?parent=4690"}],"curies":[{"name":"wp","href":"https:\/\/api.w.org\/{rel}","templated":true}]}}